{"id":265,"date":"2024-02-06T08:24:30","date_gmt":"2024-02-06T08:24:30","guid":{"rendered":"https:\/\/www.hiperbaria-wichulec.pl\/?page_id=265"},"modified":"2024-02-06T15:22:33","modified_gmt":"2024-02-06T15:22:33","slug":"historie-pacjentow","status":"publish","type":"page","link":"https:\/\/www.hiperbaria-wichulec.pl\/index.php\/historie-pacjentow\/","title":{"rendered":"Historie pacjent\u00f3w"},"content":{"rendered":"\t\t<div data-elementor-type=\"wp-page\" data-elementor-id=\"265\" class=\"elementor elementor-265\">\n\t\t\t\t<div class=\"elementor-element elementor-element-9146493 e-con-full e-flex e-con e-parent\" data-id=\"9146493\" data-element_type=\"container\" data-e-type=\"container\" data-settings=\"{&quot;background_background&quot;:&quot;classic&quot;}\">\n\t\t<div class=\"elementor-element elementor-element-651d061 e-con-full e-flex e-con e-child\" data-id=\"651d061\" data-element_type=\"container\" data-e-type=\"container\">\n\t\t\t\t<div class=\"elementor-element elementor-element-4f7ba97 elementor-widget elementor-widget-heading\" data-id=\"4f7ba97\" data-element_type=\"widget\" data-e-type=\"widget\" data-widget_type=\"heading.default\">\n\t\t\t\t<div class=\"elementor-widget-container\">\n\t\t\t\t\t<h1 class=\"elementor-heading-title elementor-size-default\">Pani Justyna<\/h1>\t\t\t\t<\/div>\n\t\t\t\t<\/div>\n\t\t\t\t<div class=\"elementor-element elementor-element-78d6662 elementor-widget elementor-widget-text-editor\" data-id=\"78d6662\" data-element_type=\"widget\" data-e-type=\"widget\" data-widget_type=\"text-editor.default\">\n\t\t\t\t<div class=\"elementor-widget-container\">\n\t\t\t\t\t\t\t\t\t<p>Przedstawiamy nasz\u0105 pacjentk\u0119 Pani\u0105 Justyn\u0119.<br \/>Pani Justyna zmaga si\u0119 z chorob\u0105 (zesp\u00f3\u0142 Chiari) jest to choroba neurologiczna o szerokim spektrum objaw\u00f3w, powoduj\u0105cych od niewielkich b\u00f3l\u00f3w g\u0142owy do post\u0119puj\u0105cego inwalidztwa.<br \/>Pacjentka ci\u0105gu roku przeby\u0142a cztery operacje.<br \/>Pani Justyna mia\u0142a stany zapalne w organizmie, podejrzenie zmian nowotworowych, podwy\u017cszone markery nowotworowe. Ci\u0105g\u0142e zm\u0119czenie, such\u0105 sk\u00f3r\u0119 na \u0142okciach i kolanach, tendencj\u0119 do siniak\u00f3w. Organizm pacjentki by\u0142 wyniszczony przyjmowanymi antybiotykami. Cz\u0119ste b\u00f3le \u017co\u0142\u0105dka, wypadaj\u0105ce w\u0142osy, ci\u0105g\u0142e b\u00f3le g\u0142owy, dr\u0119twiej\u0105ce r\u0119ce.<br \/>Po serii zabieg\u00f3w w MEDYCZNEJ KOMORZE HIPERBARYCZNEJ na 100% tlen medyczny z butli tlenowej (nie z koncentratora) Pani Justyna zacz\u0119\u0142a normalnie funkcjonowa\u0107, znikn\u0119\u0142y zawroty g\u0142owy, dr\u0119twienie r\u0105k. Markery nowotworowe spad\u0142y do normy.<br \/>Stany zapalne ust\u0105pi\u0142y, rany operacyjne zacz\u0119\u0142y si\u0119 goi\u0107. Stan sk\u00f3ry na \u0142okciach i kolanach poprawi\u0142 si\u0119, zmniejszy\u0142a si\u0119 tendencja do siniak\u00f3w.<br \/>Poprawie uleg\u0142a te\u017c cera naszej pacjentki, poprawi\u0142o si\u0119 samopoczucie, lepszy sen, lepszy komfort \u017cycia.<br \/>\u017byczymy Pani Justynie du\u017co zdrowia<\/p>\t\t\t\t\t\t\t\t<\/div>\n\t\t\t\t<\/div>\n\t\t\t\t<\/div>\n\t\t<div class=\"elementor-element elementor-element-0f7ba62 e-con-full e-flex e-con e-child\" data-id=\"0f7ba62\" data-element_type=\"container\" data-e-type=\"container\">\n\t\t\t\t<div class=\"elementor-element elementor-element-c4e5d35 elementor-widget elementor-widget-image\" data-id=\"c4e5d35\" data-element_type=\"widget\" data-e-type=\"widget\" data-widget_type=\"image.default\">\n\t\t\t\t<div class=\"elementor-widget-container\">\n\t\t\t\t\t\t\t\t\t\t\t\t\t\t\t<img fetchpriority=\"high\" decoding=\"async\" width=\"800\" height=\"591\" src=\"https:\/\/www.hiperbaria-wichulec.pl\/wp-content\/uploads\/2024\/02\/panijustyna-1024x756.jpg\" class=\"attachment-large size-large wp-image-269\" alt=\"\" srcset=\"https:\/\/www.hiperbaria-wichulec.pl\/wp-content\/uploads\/2024\/02\/panijustyna-1024x756.jpg 1024w, https:\/\/www.hiperbaria-wichulec.pl\/wp-content\/uploads\/2024\/02\/panijustyna-300x221.jpg 300w, https:\/\/www.hiperbaria-wichulec.pl\/wp-content\/uploads\/2024\/02\/panijustyna-768x567.jpg 768w, https:\/\/www.hiperbaria-wichulec.pl\/wp-content\/uploads\/2024\/02\/panijustyna-1536x1133.jpg 1536w, https:\/\/www.hiperbaria-wichulec.pl\/wp-content\/uploads\/2024\/02\/panijustyna.jpg 2048w\" sizes=\"(max-width: 800px) 100vw, 800px\" \/>\t\t\t\t\t\t\t\t\t\t\t\t\t\t\t<\/div>\n\t\t\t\t<\/div>\n\t\t\t\t<\/div>\n\t\t\t\t<\/div>\n\t\t<div class=\"elementor-element elementor-element-871deab e-con-full e-flex e-con e-parent\" data-id=\"871deab\" data-element_type=\"container\" data-e-type=\"container\" data-settings=\"{&quot;background_background&quot;:&quot;classic&quot;}\">\n\t\t<div class=\"elementor-element elementor-element-2334463 e-con-full e-flex e-con e-child\" data-id=\"2334463\" data-element_type=\"container\" data-e-type=\"container\">\n\t\t\t\t<div class=\"elementor-element elementor-element-31ec2b2 elementor-widget elementor-widget-image\" data-id=\"31ec2b2\" data-element_type=\"widget\" data-e-type=\"widget\" data-widget_type=\"image.default\">\n\t\t\t\t<div class=\"elementor-widget-container\">\n\t\t\t\t\t\t\t\t\t\t\t\t\t\t\t<img decoding=\"async\" width=\"638\" height=\"638\" src=\"https:\/\/www.hiperbaria-wichulec.pl\/wp-content\/uploads\/2024\/02\/jola.png\" class=\"attachment-large size-large wp-image-273\" alt=\"\" srcset=\"https:\/\/www.hiperbaria-wichulec.pl\/wp-content\/uploads\/2024\/02\/jola.png 638w, https:\/\/www.hiperbaria-wichulec.pl\/wp-content\/uploads\/2024\/02\/jola-300x300.png 300w, https:\/\/www.hiperbaria-wichulec.pl\/wp-content\/uploads\/2024\/02\/jola-150x150.png 150w\" sizes=\"(max-width: 638px) 100vw, 638px\" \/>\t\t\t\t\t\t\t\t\t\t\t\t\t\t\t<\/div>\n\t\t\t\t<\/div>\n\t\t\t\t<\/div>\n\t\t<div class=\"elementor-element elementor-element-f53141c e-con-full e-flex e-con e-child\" data-id=\"f53141c\" data-element_type=\"container\" data-e-type=\"container\">\n\t\t\t\t<div class=\"elementor-element elementor-element-7165fd6 elementor-widget elementor-widget-heading\" data-id=\"7165fd6\" data-element_type=\"widget\" data-e-type=\"widget\" data-widget_type=\"heading.default\">\n\t\t\t\t<div class=\"elementor-widget-container\">\n\t\t\t\t\t<h1 class=\"elementor-heading-title elementor-size-default\">Pani Jola<\/h1>\t\t\t\t<\/div>\n\t\t\t\t<\/div>\n\t\t\t\t<div class=\"elementor-element elementor-element-7f2075f elementor-widget elementor-widget-text-editor\" data-id=\"7f2075f\" data-element_type=\"widget\" data-e-type=\"widget\" data-widget_type=\"text-editor.default\">\n\t\t\t\t<div class=\"elementor-widget-container\">\n\t\t\t\t\t\t\t\t\t<p>Przedstawiamy nasz\u0105 pacjentk\u0119 Pani\u0105 Jol\u0119, kt\u00f3ra zg\u0142osi\u0142a si\u0119 do nas z bardzo silnymi b\u00f3lami w biodrze. Pacjentka chodzi\u0142a o kulach, mia\u0142a problem z wysypianiem si\u0119, przekr\u0119ceniem si\u0119 w \u0142\u00f3\u017cku. Wstawanie z fotela sprawia\u0142o jej b\u00f3l. Silne b\u00f3le ogranicza\u0142y jej normalne funkcjonowanie. Po 3 zabiegach w KLINICZNEJ KOMORZE HIPERBARYCZNEJ 3 ATA b\u00f3le zacz\u0119\u0142y ust\u0119powa\u0107 a po 5 zabiegach Pani Jola chodzi\u0142a ju\u017c bez kul. Po 10 zabiegach pacjentka czuje si\u0119 rewelacyjnie, wszystkie b\u00f3le ust\u0105pi\u0142y. \u017byczymy Pani Joli du\u017co zdrowia.<\/p>\t\t\t\t\t\t\t\t<\/div>\n\t\t\t\t<\/div>\n\t\t\t\t<\/div>\n\t\t\t\t<\/div>\n\t\t<div class=\"elementor-element elementor-element-bec1606 e-con-full e-flex e-con e-parent\" data-id=\"bec1606\" data-element_type=\"container\" data-e-type=\"container\" data-settings=\"{&quot;background_background&quot;:&quot;classic&quot;}\">\n\t\t<div class=\"elementor-element elementor-element-ac87e22 e-con-full e-flex e-con e-child\" data-id=\"ac87e22\" data-element_type=\"container\" data-e-type=\"container\">\n\t\t\t\t<div class=\"elementor-element elementor-element-332cc24 elementor-widget elementor-widget-heading\" data-id=\"332cc24\" data-element_type=\"widget\" data-e-type=\"widget\" data-widget_type=\"heading.default\">\n\t\t\t\t<div class=\"elementor-widget-container\">\n\t\t\t\t\t<h1 class=\"elementor-heading-title elementor-size-default\">Pani Maria<\/h1>\t\t\t\t<\/div>\n\t\t\t\t<\/div>\n\t\t\t\t<div class=\"elementor-element elementor-element-c1ae0ab elementor-widget elementor-widget-text-editor\" data-id=\"c1ae0ab\" data-element_type=\"widget\" data-e-type=\"widget\" data-widget_type=\"text-editor.default\">\n\t\t\t\t<div class=\"elementor-widget-container\">\n\t\t\t\t\t\t\t\t\t<p>Przedstawiamy nasz\u0105 pacjentk\u0119 PANI\u0104 MARI\u0118, kt\u00f3ra trafi\u0142a do nas po przebytym COVID-19, kt\u00f3ry pozostawi\u0142 po sobie powik\u0142ania takie jak b\u00f3l mi\u0119\u015bni i staw\u00f3w. Pani Maria nie mog\u0142a wykonywa\u0107 swobodnie prostych ruch\u00f3w poniewa\u017c towarzyszy\u0142 jej b\u00f3l. Problem te\u017c stanowi\u0142o chodzenie po schodach. B\u00f3l pojawia\u0142 si\u0119 tak\u017ce podczas \u0107wicze\u0144 w trakcie rehabilitacji .Po odbyciu serii zabieg\u00f3w w medycznej komorze hiperbarycznej 3 ATA na tlen medyczny z butli tlenowej b\u00f3l mi\u0119\u015bni i staw\u00f3w ust\u0105pi\u0142. Pani Maria mo\u017ce swobodnie porusza\u0107 si\u0119 i chodzi\u0107 po schodach i co najwa\u017cniejsze mo\u017ce powr\u00f3ci\u0107 do normalnego funkcjonowania. \u017byczymy pani Marii du\u017co zdrowia.<\/p>\t\t\t\t\t\t\t\t<\/div>\n\t\t\t\t<\/div>\n\t\t\t\t<\/div>\n\t\t<div class=\"elementor-element elementor-element-6404ff2 e-con-full e-flex e-con e-child\" data-id=\"6404ff2\" data-element_type=\"container\" data-e-type=\"container\">\n\t\t\t\t<div class=\"elementor-element elementor-element-81d5844 elementor-widget elementor-widget-image\" data-id=\"81d5844\" data-element_type=\"widget\" data-e-type=\"widget\" data-widget_type=\"image.default\">\n\t\t\t\t<div class=\"elementor-widget-container\">\n\t\t\t\t\t\t\t\t\t\t\t\t\t\t\t<img decoding=\"async\" width=\"800\" height=\"480\" src=\"https:\/\/www.hiperbaria-wichulec.pl\/wp-content\/uploads\/2024\/02\/maria-1-1024x614.jpg\" class=\"attachment-large size-large wp-image-466\" alt=\"\" srcset=\"https:\/\/www.hiperbaria-wichulec.pl\/wp-content\/uploads\/2024\/02\/maria-1-1024x614.jpg 1024w, https:\/\/www.hiperbaria-wichulec.pl\/wp-content\/uploads\/2024\/02\/maria-1-300x180.jpg 300w, https:\/\/www.hiperbaria-wichulec.pl\/wp-content\/uploads\/2024\/02\/maria-1-768x461.jpg 768w, https:\/\/www.hiperbaria-wichulec.pl\/wp-content\/uploads\/2024\/02\/maria-1-1536x922.jpg 1536w, https:\/\/www.hiperbaria-wichulec.pl\/wp-content\/uploads\/2024\/02\/maria-1-500x300.jpg 500w, https:\/\/www.hiperbaria-wichulec.pl\/wp-content\/uploads\/2024\/02\/maria-1-800x480.jpg 800w, https:\/\/www.hiperbaria-wichulec.pl\/wp-content\/uploads\/2024\/02\/maria-1-1280x768.jpg 1280w, https:\/\/www.hiperbaria-wichulec.pl\/wp-content\/uploads\/2024\/02\/maria-1.jpg 1920w\" sizes=\"(max-width: 800px) 100vw, 800px\" \/>\t\t\t\t\t\t\t\t\t\t\t\t\t\t\t<\/div>\n\t\t\t\t<\/div>\n\t\t\t\t<\/div>\n\t\t\t\t<\/div>\n\t\t\t\t<\/div>\n\t\t","protected":false},"excerpt":{"rendered":"<p>Pani Justyna Przedstawiamy nasz\u0105 pacjentk\u0119 Pani\u0105 Justyn\u0119.Pani Justyna zmaga si\u0119 z chorob\u0105 (zesp\u00f3\u0142 Chiari) jest to choroba neurologiczna o szerokim spektrum objaw\u00f3w, powoduj\u0105cych od niewielkich b\u00f3l\u00f3w g\u0142owy do post\u0119puj\u0105cego inwalidztwa.Pacjentka ci\u0105gu roku przeby\u0142a cztery operacje.Pani Justyna mia\u0142a stany zapalne w organizmie, podejrzenie zmian nowotworowych, podwy\u017cszone markery nowotworowe. Ci\u0105g\u0142e zm\u0119czenie, such\u0105 sk\u00f3r\u0119 na \u0142okciach i kolanach, [&hellip;]<\/p>\n","protected":false},"author":1,"featured_media":0,"parent":0,"menu_order":0,"comment_status":"closed","ping_status":"closed","template":"","meta":{"_vp_format_video_url":"","_vp_image_focal_point":[],"footnotes":""},"class_list":["post-265","page","type-page","status-publish","hentry"],"yoast_head":"<!-- This site is optimized with the Yoast SEO plugin v27.4 - https:\/\/yoast.com\/product\/yoast-seo-wordpress\/ -->\n<title>Historie pacjent\u00f3w - Komora Hiperbaryczna | +48 660 633 404 - Brodnica | Wichulec | Toru\u0144 | Bydgoszcz - | Tlen medyczny<\/title>\n<meta name=\"robots\" content=\"index, follow, max-snippet:-1, max-image-preview:large, max-video-preview:-1\" \/>\n<link rel=\"canonical\" href=\"https:\/\/www.hiperbaria-wichulec.pl\/index.php\/historie-pacjentow\/\" \/>\n<meta property=\"og:locale\" content=\"pl_PL\" \/>\n<meta property=\"og:type\" content=\"article\" \/>\n<meta property=\"og:title\" content=\"Historie pacjent\u00f3w - Komora Hiperbaryczna | +48 660 633 404 - Brodnica | Wichulec | Toru\u0144 | Bydgoszcz - | Tlen medyczny\" \/>\n<meta property=\"og:description\" content=\"Pani Justyna Przedstawiamy nasz\u0105 pacjentk\u0119 Pani\u0105 Justyn\u0119.Pani Justyna zmaga si\u0119 z chorob\u0105 (zesp\u00f3\u0142 Chiari) jest to choroba neurologiczna o szerokim spektrum objaw\u00f3w, powoduj\u0105cych od niewielkich b\u00f3l\u00f3w g\u0142owy do post\u0119puj\u0105cego inwalidztwa.Pacjentka ci\u0105gu roku przeby\u0142a cztery operacje.Pani Justyna mia\u0142a stany zapalne w organizmie, podejrzenie zmian nowotworowych, podwy\u017cszone markery nowotworowe. Ci\u0105g\u0142e zm\u0119czenie, such\u0105 sk\u00f3r\u0119 na \u0142okciach i kolanach, [&hellip;]\" \/>\n<meta property=\"og:url\" content=\"https:\/\/www.hiperbaria-wichulec.pl\/index.php\/historie-pacjentow\/\" \/>\n<meta property=\"og:site_name\" content=\"Komora Hiperbaryczna | +48 660 633 404 - Brodnica | Wichulec | Toru\u0144 | Bydgoszcz - | Tlen medyczny\" \/>\n<meta property=\"article:modified_time\" content=\"2024-02-06T15:22:33+00:00\" \/>\n<meta property=\"og:image\" content=\"http:\/\/www.hiperbaria-wichulec.pl\/wp-content\/uploads\/2024\/02\/panijustyna-1024x756.jpg\" \/>\n<meta name=\"twitter:card\" content=\"summary_large_image\" \/>\n<meta name=\"twitter:label1\" content=\"Szacowany czas czytania\" \/>\n\t<meta name=\"twitter:data1\" content=\"3 minuty\" \/>\n<script type=\"application\/ld+json\" class=\"yoast-schema-graph\">{\"@context\":\"https:\\\/\\\/schema.org\",\"@graph\":[{\"@type\":\"WebPage\",\"@id\":\"https:\\\/\\\/www.hiperbaria-wichulec.pl\\\/index.php\\\/historie-pacjentow\\\/\",\"url\":\"https:\\\/\\\/www.hiperbaria-wichulec.pl\\\/index.php\\\/historie-pacjentow\\\/\",\"name\":\"Historie pacjent\u00f3w - Komora Hiperbaryczna | +48 660 633 404 - Brodnica | Wichulec | Toru\u0144 | Bydgoszcz - | Tlen medyczny\",\"isPartOf\":{\"@id\":\"http:\\\/\\\/www.hiperbaria-wichulec.pl\\\/#website\"},\"primaryImageOfPage\":{\"@id\":\"https:\\\/\\\/www.hiperbaria-wichulec.pl\\\/index.php\\\/historie-pacjentow\\\/#primaryimage\"},\"image\":{\"@id\":\"https:\\\/\\\/www.hiperbaria-wichulec.pl\\\/index.php\\\/historie-pacjentow\\\/#primaryimage\"},\"thumbnailUrl\":\"http:\\\/\\\/www.hiperbaria-wichulec.pl\\\/wp-content\\\/uploads\\\/2024\\\/02\\\/panijustyna-1024x756.jpg\",\"datePublished\":\"2024-02-06T08:24:30+00:00\",\"dateModified\":\"2024-02-06T15:22:33+00:00\",\"breadcrumb\":{\"@id\":\"https:\\\/\\\/www.hiperbaria-wichulec.pl\\\/index.php\\\/historie-pacjentow\\\/#breadcrumb\"},\"inLanguage\":\"pl-PL\",\"potentialAction\":[{\"@type\":\"ReadAction\",\"target\":[\"https:\\\/\\\/www.hiperbaria-wichulec.pl\\\/index.php\\\/historie-pacjentow\\\/\"]}]},{\"@type\":\"ImageObject\",\"inLanguage\":\"pl-PL\",\"@id\":\"https:\\\/\\\/www.hiperbaria-wichulec.pl\\\/index.php\\\/historie-pacjentow\\\/#primaryimage\",\"url\":\"https:\\\/\\\/www.hiperbaria-wichulec.pl\\\/wp-content\\\/uploads\\\/2024\\\/02\\\/panijustyna.jpg\",\"contentUrl\":\"https:\\\/\\\/www.hiperbaria-wichulec.pl\\\/wp-content\\\/uploads\\\/2024\\\/02\\\/panijustyna.jpg\",\"width\":2048,\"height\":1511},{\"@type\":\"BreadcrumbList\",\"@id\":\"https:\\\/\\\/www.hiperbaria-wichulec.pl\\\/index.php\\\/historie-pacjentow\\\/#breadcrumb\",\"itemListElement\":[{\"@type\":\"ListItem\",\"position\":1,\"name\":\"Strona g\u0142\u00f3wna\",\"item\":\"https:\\\/\\\/www.hiperbaria-wichulec.pl\\\/\"},{\"@type\":\"ListItem\",\"position\":2,\"name\":\"Historie pacjent\u00f3w\"}]},{\"@type\":\"WebSite\",\"@id\":\"http:\\\/\\\/www.hiperbaria-wichulec.pl\\\/#website\",\"url\":\"http:\\\/\\\/www.hiperbaria-wichulec.pl\\\/\",\"name\":\"Komora Hiperbaryczna | +48 660 633 404 - Brodnica | Wichulec | Toru\u0144 | Bydgoszcz - | Tlen medyczny\",\"description\":\"Komora Hiperbaryczna | +48 660 633 404 - Brodnica | Wichulec | Toru\u0144 | Bydgoszcz - | Tlen medyczny\",\"potentialAction\":[{\"@type\":\"SearchAction\",\"target\":{\"@type\":\"EntryPoint\",\"urlTemplate\":\"http:\\\/\\\/www.hiperbaria-wichulec.pl\\\/?s={search_term_string}\"},\"query-input\":{\"@type\":\"PropertyValueSpecification\",\"valueRequired\":true,\"valueName\":\"search_term_string\"}}],\"inLanguage\":\"pl-PL\"}]}<\/script>\n<!-- \/ Yoast SEO plugin. -->","yoast_head_json":{"title":"Historie pacjent\u00f3w - Komora Hiperbaryczna | +48 660 633 404 - Brodnica | Wichulec | Toru\u0144 | Bydgoszcz - | Tlen medyczny","robots":{"index":"index","follow":"follow","max-snippet":"max-snippet:-1","max-image-preview":"max-image-preview:large","max-video-preview":"max-video-preview:-1"},"canonical":"https:\/\/www.hiperbaria-wichulec.pl\/index.php\/historie-pacjentow\/","og_locale":"pl_PL","og_type":"article","og_title":"Historie pacjent\u00f3w - Komora Hiperbaryczna | +48 660 633 404 - Brodnica | Wichulec | Toru\u0144 | Bydgoszcz - | Tlen medyczny","og_description":"Pani Justyna Przedstawiamy nasz\u0105 pacjentk\u0119 Pani\u0105 Justyn\u0119.Pani Justyna zmaga si\u0119 z chorob\u0105 (zesp\u00f3\u0142 Chiari) jest to choroba neurologiczna o szerokim spektrum objaw\u00f3w, powoduj\u0105cych od niewielkich b\u00f3l\u00f3w g\u0142owy do post\u0119puj\u0105cego inwalidztwa.Pacjentka ci\u0105gu roku przeby\u0142a cztery operacje.Pani Justyna mia\u0142a stany zapalne w organizmie, podejrzenie zmian nowotworowych, podwy\u017cszone markery nowotworowe. Ci\u0105g\u0142e zm\u0119czenie, such\u0105 sk\u00f3r\u0119 na \u0142okciach i kolanach, [&hellip;]","og_url":"https:\/\/www.hiperbaria-wichulec.pl\/index.php\/historie-pacjentow\/","og_site_name":"Komora Hiperbaryczna | +48 660 633 404 - Brodnica | Wichulec | Toru\u0144 | Bydgoszcz - | Tlen medyczny","article_modified_time":"2024-02-06T15:22:33+00:00","og_image":[{"url":"http:\/\/www.hiperbaria-wichulec.pl\/wp-content\/uploads\/2024\/02\/panijustyna-1024x756.jpg","type":"","width":"","height":""}],"twitter_card":"summary_large_image","twitter_misc":{"Szacowany czas czytania":"3 minuty"},"schema":{"@context":"https:\/\/schema.org","@graph":[{"@type":"WebPage","@id":"https:\/\/www.hiperbaria-wichulec.pl\/index.php\/historie-pacjentow\/","url":"https:\/\/www.hiperbaria-wichulec.pl\/index.php\/historie-pacjentow\/","name":"Historie pacjent\u00f3w - Komora Hiperbaryczna | +48 660 633 404 - Brodnica | Wichulec | Toru\u0144 | Bydgoszcz - | Tlen medyczny","isPartOf":{"@id":"http:\/\/www.hiperbaria-wichulec.pl\/#website"},"primaryImageOfPage":{"@id":"https:\/\/www.hiperbaria-wichulec.pl\/index.php\/historie-pacjentow\/#primaryimage"},"image":{"@id":"https:\/\/www.hiperbaria-wichulec.pl\/index.php\/historie-pacjentow\/#primaryimage"},"thumbnailUrl":"http:\/\/www.hiperbaria-wichulec.pl\/wp-content\/uploads\/2024\/02\/panijustyna-1024x756.jpg","datePublished":"2024-02-06T08:24:30+00:00","dateModified":"2024-02-06T15:22:33+00:00","breadcrumb":{"@id":"https:\/\/www.hiperbaria-wichulec.pl\/index.php\/historie-pacjentow\/#breadcrumb"},"inLanguage":"pl-PL","potentialAction":[{"@type":"ReadAction","target":["https:\/\/www.hiperbaria-wichulec.pl\/index.php\/historie-pacjentow\/"]}]},{"@type":"ImageObject","inLanguage":"pl-PL","@id":"https:\/\/www.hiperbaria-wichulec.pl\/index.php\/historie-pacjentow\/#primaryimage","url":"https:\/\/www.hiperbaria-wichulec.pl\/wp-content\/uploads\/2024\/02\/panijustyna.jpg","contentUrl":"https:\/\/www.hiperbaria-wichulec.pl\/wp-content\/uploads\/2024\/02\/panijustyna.jpg","width":2048,"height":1511},{"@type":"BreadcrumbList","@id":"https:\/\/www.hiperbaria-wichulec.pl\/index.php\/historie-pacjentow\/#breadcrumb","itemListElement":[{"@type":"ListItem","position":1,"name":"Strona g\u0142\u00f3wna","item":"https:\/\/www.hiperbaria-wichulec.pl\/"},{"@type":"ListItem","position":2,"name":"Historie pacjent\u00f3w"}]},{"@type":"WebSite","@id":"http:\/\/www.hiperbaria-wichulec.pl\/#website","url":"http:\/\/www.hiperbaria-wichulec.pl\/","name":"Komora Hiperbaryczna | +48 660 633 404 - Brodnica | Wichulec | Toru\u0144 | Bydgoszcz - | Tlen medyczny","description":"Komora Hiperbaryczna | +48 660 633 404 - Brodnica | Wichulec | Toru\u0144 | Bydgoszcz - | Tlen medyczny","potentialAction":[{"@type":"SearchAction","target":{"@type":"EntryPoint","urlTemplate":"http:\/\/www.hiperbaria-wichulec.pl\/?s={search_term_string}"},"query-input":{"@type":"PropertyValueSpecification","valueRequired":true,"valueName":"search_term_string"}}],"inLanguage":"pl-PL"}]}},"_links":{"self":[{"href":"https:\/\/www.hiperbaria-wichulec.pl\/index.php\/wp-json\/wp\/v2\/pages\/265","targetHints":{"allow":["GET"]}}],"collection":[{"href":"https:\/\/www.hiperbaria-wichulec.pl\/index.php\/wp-json\/wp\/v2\/pages"}],"about":[{"href":"https:\/\/www.hiperbaria-wichulec.pl\/index.php\/wp-json\/wp\/v2\/types\/page"}],"author":[{"embeddable":true,"href":"https:\/\/www.hiperbaria-wichulec.pl\/index.php\/wp-json\/wp\/v2\/users\/1"}],"replies":[{"embeddable":true,"href":"https:\/\/www.hiperbaria-wichulec.pl\/index.php\/wp-json\/wp\/v2\/comments?post=265"}],"version-history":[{"count":10,"href":"https:\/\/www.hiperbaria-wichulec.pl\/index.php\/wp-json\/wp\/v2\/pages\/265\/revisions"}],"predecessor-version":[{"id":469,"href":"https:\/\/www.hiperbaria-wichulec.pl\/index.php\/wp-json\/wp\/v2\/pages\/265\/revisions\/469"}],"wp:attachment":[{"href":"https:\/\/www.hiperbaria-wichulec.pl\/index.php\/wp-json\/wp\/v2\/media?parent=265"}],"curies":[{"name":"wp","href":"https:\/\/api.w.org\/{rel}","templated":true}]}}