{"id":278,"date":"2024-02-06T08:50:31","date_gmt":"2024-02-06T08:50:31","guid":{"rendered":"https:\/\/www.hiperbaria-wichulec.pl\/?page_id=278"},"modified":"2024-02-06T08:51:37","modified_gmt":"2024-02-06T08:51:37","slug":"reumatyzm","status":"publish","type":"page","link":"https:\/\/www.hiperbaria-wichulec.pl\/index.php\/reumatyzm\/","title":{"rendered":"Reumatyzm"},"content":{"rendered":"\t\t<div data-elementor-type=\"wp-page\" data-elementor-id=\"278\" class=\"elementor elementor-278\">\n\t\t\t\t<div class=\"elementor-element elementor-element-9146493 e-con-full e-flex e-con e-parent\" data-id=\"9146493\" data-element_type=\"container\" data-e-type=\"container\" data-settings=\"{&quot;background_background&quot;:&quot;classic&quot;}\">\n\t\t<div class=\"elementor-element elementor-element-651d061 e-con-full e-flex e-con e-child\" data-id=\"651d061\" data-element_type=\"container\" data-e-type=\"container\">\n\t\t\t\t<div class=\"elementor-element elementor-element-4f7ba97 elementor-widget elementor-widget-heading\" data-id=\"4f7ba97\" data-element_type=\"widget\" data-e-type=\"widget\" data-widget_type=\"heading.default\">\n\t\t\t\t<div class=\"elementor-widget-container\">\n\t\t\t\t\t<h1 class=\"elementor-heading-title elementor-size-default\">Reumatyzm<\/h1>\t\t\t\t<\/div>\n\t\t\t\t<\/div>\n\t\t\t\t<div class=\"elementor-element elementor-element-78d6662 elementor-widget elementor-widget-text-editor\" data-id=\"78d6662\" data-element_type=\"widget\" data-e-type=\"widget\" data-widget_type=\"text-editor.default\">\n\t\t\t\t<div class=\"elementor-widget-container\">\n\t\t\t\t\t\t\t\t\t<p>Reumatyzmem jest okre\u015blana obszerna grupa chor\u00f3b o wsp\u00f3lnej przyczynie-stanie zapalnym w tkankach obj\u0119tych chorob\u0105. Towarzysz\u0105cy b\u00f3l i inne objawy s\u0105 jedynie reakcj\u0105 organizmu na dzia\u0142anie czynnik\u00f3w uszkadzaj\u0105cych. Tlenoterapia hiperbaryczna (HBOT) poprzez eliminacj\u0119 stanu zapalnego oraz innych czynnik\u00f3w immunologicznych znacz\u0105co hamuje rozw\u00f3j procesu chorobowego. W Stanach Zjednoczonych, gdzie HBO jest popularn\u0105 i cz\u0119sto podstawow\u0105 metod\u0105 leczenia reumatyzmu, przeprowadzone zosta\u0142y badania, wed\u0142ug kt\u00f3rych a\u017c u 23,4% chorych poddanych tlenoterapii stwierdzono remisj\u0119 choroby, u 16,2% znaczn\u0105 popraw\u0119, a u 51,4% inny korzystny efekt. Podczas zabiegu w naszych plac\u00f3wkach pacjent oddycha w komorze certyfikowanym 100% tlenem medycznym z butli tlenowej. Stan zapalny wyst\u0119puj\u0105cy w chorobach reumatycznych jest naturaln\u0105 reakcj\u0105 obronn\u0105 organizmu, w kt\u00f3rym szczeg\u00f3lnie stymulowane jest namna\u017canie si\u0119 przeciwcia\u0142 pe\u0142ni\u0105cych funkcje obronne. Niezwykle wa\u017cne jest wtedy doskona\u0142e ukrwienie, by zapewni\u0107 przep\u0142yw substancji od\u017cywczych do miejsca zapalnego. Tlen, jako niezb\u0119dny sk\u0142adnik od\u017cywczy dla tkanek, wch\u0142aniany podczas terapii du\u017co skuteczniej ni\u017c podczas normalnego oddychania, pozwala finalnie zwalczy\u0107 stan zapalny, a co za tym idzie znacz\u0105co zmniejszy\u0107 dolegliwo\u015bci b\u00f3lowe i doprowadzi\u0107 do remisji choroby. Nale\u017cy podkre\u015bli\u0107, \u017ce zabiegi HBO nie nios\u0105 za sob\u0105 czynnik\u00f3w ubocznych, a konsultacja lekarska poprzedzaj\u0105ca seri\u0119 zabieg\u00f3w zapewnia ca\u0142kowite poczucie bezpiecze\u0144stwa i indywidualne podej\u015bcie do terapii.<\/p>\t\t\t\t\t\t\t\t<\/div>\n\t\t\t\t<\/div>\n\t\t\t\t<\/div>\n\t\t<div class=\"elementor-element elementor-element-0f7ba62 e-con-full e-flex e-con e-child\" data-id=\"0f7ba62\" data-element_type=\"container\" data-e-type=\"container\">\n\t\t\t\t<div class=\"elementor-element elementor-element-c4e5d35 elementor-widget elementor-widget-image\" data-id=\"c4e5d35\" data-element_type=\"widget\" data-e-type=\"widget\" data-widget_type=\"image.default\">\n\t\t\t\t<div class=\"elementor-widget-container\">\n\t\t\t\t\t\t\t\t\t\t\t\t\t\t\t<img fetchpriority=\"high\" decoding=\"async\" width=\"800\" height=\"800\" src=\"https:\/\/www.hiperbaria-wichulec.pl\/wp-content\/uploads\/2024\/02\/11.jpg\" class=\"attachment-large size-large wp-image-74\" alt=\"\" srcset=\"https:\/\/www.hiperbaria-wichulec.pl\/wp-content\/uploads\/2024\/02\/11.jpg 1000w, https:\/\/www.hiperbaria-wichulec.pl\/wp-content\/uploads\/2024\/02\/11-300x300.jpg 300w, https:\/\/www.hiperbaria-wichulec.pl\/wp-content\/uploads\/2024\/02\/11-150x150.jpg 150w, https:\/\/www.hiperbaria-wichulec.pl\/wp-content\/uploads\/2024\/02\/11-768x768.jpg 768w\" sizes=\"(max-width: 800px) 100vw, 800px\" \/>\t\t\t\t\t\t\t\t\t\t\t\t\t\t\t<\/div>\n\t\t\t\t<\/div>\n\t\t\t\t<\/div>\n\t\t\t\t<\/div>\n\t\t\t\t<\/div>\n\t\t","protected":false},"excerpt":{"rendered":"<p>Reumatyzm Reumatyzmem jest okre\u015blana obszerna grupa chor\u00f3b o wsp\u00f3lnej przyczynie-stanie zapalnym w tkankach obj\u0119tych chorob\u0105. Towarzysz\u0105cy b\u00f3l i inne objawy s\u0105 jedynie reakcj\u0105 organizmu na dzia\u0142anie czynnik\u00f3w uszkadzaj\u0105cych. Tlenoterapia hiperbaryczna (HBOT) poprzez eliminacj\u0119 stanu zapalnego oraz innych czynnik\u00f3w immunologicznych znacz\u0105co hamuje rozw\u00f3j procesu chorobowego. W Stanach Zjednoczonych, gdzie HBO jest popularn\u0105 i cz\u0119sto podstawow\u0105 metod\u0105 [&hellip;]<\/p>\n","protected":false},"author":1,"featured_media":0,"parent":0,"menu_order":0,"comment_status":"closed","ping_status":"closed","template":"","meta":{"_vp_format_video_url":"","_vp_image_focal_point":[],"footnotes":""},"class_list":["post-278","page","type-page","status-publish","hentry"],"yoast_head":"<!-- This site is optimized with the Yoast SEO plugin v27.4 - https:\/\/yoast.com\/product\/yoast-seo-wordpress\/ -->\n<title>Reumatyzm - Komora Hiperbaryczna | +48 660 633 404 - Brodnica | Wichulec | Toru\u0144 | Bydgoszcz - | Tlen medyczny<\/title>\n<meta name=\"robots\" content=\"index, follow, max-snippet:-1, max-image-preview:large, max-video-preview:-1\" \/>\n<link rel=\"canonical\" href=\"https:\/\/www.hiperbaria-wichulec.pl\/index.php\/reumatyzm\/\" \/>\n<meta property=\"og:locale\" content=\"pl_PL\" \/>\n<meta property=\"og:type\" content=\"article\" \/>\n<meta property=\"og:title\" content=\"Reumatyzm - Komora Hiperbaryczna | +48 660 633 404 - Brodnica | Wichulec | Toru\u0144 | Bydgoszcz - | Tlen medyczny\" \/>\n<meta property=\"og:description\" content=\"Reumatyzm Reumatyzmem jest okre\u015blana obszerna grupa chor\u00f3b o wsp\u00f3lnej przyczynie-stanie zapalnym w tkankach obj\u0119tych chorob\u0105. Towarzysz\u0105cy b\u00f3l i inne objawy s\u0105 jedynie reakcj\u0105 organizmu na dzia\u0142anie czynnik\u00f3w uszkadzaj\u0105cych. Tlenoterapia hiperbaryczna (HBOT) poprzez eliminacj\u0119 stanu zapalnego oraz innych czynnik\u00f3w immunologicznych znacz\u0105co hamuje rozw\u00f3j procesu chorobowego. W Stanach Zjednoczonych, gdzie HBO jest popularn\u0105 i cz\u0119sto podstawow\u0105 metod\u0105 [&hellip;]\" \/>\n<meta property=\"og:url\" content=\"https:\/\/www.hiperbaria-wichulec.pl\/index.php\/reumatyzm\/\" \/>\n<meta property=\"og:site_name\" content=\"Komora Hiperbaryczna | +48 660 633 404 - Brodnica | Wichulec | Toru\u0144 | Bydgoszcz - | Tlen medyczny\" \/>\n<meta property=\"article:modified_time\" content=\"2024-02-06T08:51:37+00:00\" \/>\n<meta property=\"og:image\" content=\"http:\/\/www.hiperbaria-wichulec.pl\/wp-content\/uploads\/2024\/02\/11.jpg\" \/>\n<meta name=\"twitter:card\" content=\"summary_large_image\" \/>\n<meta name=\"twitter:label1\" content=\"Szacowany czas czytania\" \/>\n\t<meta name=\"twitter:data1\" content=\"1 minuta\" \/>\n<script type=\"application\/ld+json\" class=\"yoast-schema-graph\">{\"@context\":\"https:\\\/\\\/schema.org\",\"@graph\":[{\"@type\":\"WebPage\",\"@id\":\"https:\\\/\\\/www.hiperbaria-wichulec.pl\\\/index.php\\\/reumatyzm\\\/\",\"url\":\"https:\\\/\\\/www.hiperbaria-wichulec.pl\\\/index.php\\\/reumatyzm\\\/\",\"name\":\"Reumatyzm - Komora Hiperbaryczna | +48 660 633 404 - Brodnica | Wichulec | Toru\u0144 | Bydgoszcz - | Tlen medyczny\",\"isPartOf\":{\"@id\":\"http:\\\/\\\/www.hiperbaria-wichulec.pl\\\/#website\"},\"primaryImageOfPage\":{\"@id\":\"https:\\\/\\\/www.hiperbaria-wichulec.pl\\\/index.php\\\/reumatyzm\\\/#primaryimage\"},\"image\":{\"@id\":\"https:\\\/\\\/www.hiperbaria-wichulec.pl\\\/index.php\\\/reumatyzm\\\/#primaryimage\"},\"thumbnailUrl\":\"http:\\\/\\\/www.hiperbaria-wichulec.pl\\\/wp-content\\\/uploads\\\/2024\\\/02\\\/11.jpg\",\"datePublished\":\"2024-02-06T08:50:31+00:00\",\"dateModified\":\"2024-02-06T08:51:37+00:00\",\"breadcrumb\":{\"@id\":\"https:\\\/\\\/www.hiperbaria-wichulec.pl\\\/index.php\\\/reumatyzm\\\/#breadcrumb\"},\"inLanguage\":\"pl-PL\",\"potentialAction\":[{\"@type\":\"ReadAction\",\"target\":[\"https:\\\/\\\/www.hiperbaria-wichulec.pl\\\/index.php\\\/reumatyzm\\\/\"]}]},{\"@type\":\"ImageObject\",\"inLanguage\":\"pl-PL\",\"@id\":\"https:\\\/\\\/www.hiperbaria-wichulec.pl\\\/index.php\\\/reumatyzm\\\/#primaryimage\",\"url\":\"https:\\\/\\\/www.hiperbaria-wichulec.pl\\\/wp-content\\\/uploads\\\/2024\\\/02\\\/11.jpg\",\"contentUrl\":\"https:\\\/\\\/www.hiperbaria-wichulec.pl\\\/wp-content\\\/uploads\\\/2024\\\/02\\\/11.jpg\",\"width\":1000,\"height\":1000},{\"@type\":\"BreadcrumbList\",\"@id\":\"https:\\\/\\\/www.hiperbaria-wichulec.pl\\\/index.php\\\/reumatyzm\\\/#breadcrumb\",\"itemListElement\":[{\"@type\":\"ListItem\",\"position\":1,\"name\":\"Strona g\u0142\u00f3wna\",\"item\":\"https:\\\/\\\/www.hiperbaria-wichulec.pl\\\/\"},{\"@type\":\"ListItem\",\"position\":2,\"name\":\"Reumatyzm\"}]},{\"@type\":\"WebSite\",\"@id\":\"http:\\\/\\\/www.hiperbaria-wichulec.pl\\\/#website\",\"url\":\"http:\\\/\\\/www.hiperbaria-wichulec.pl\\\/\",\"name\":\"Komora Hiperbaryczna | +48 660 633 404 - Brodnica | Wichulec | Toru\u0144 | Bydgoszcz - | Tlen medyczny\",\"description\":\"Komora Hiperbaryczna | +48 660 633 404 - Brodnica | Wichulec | Toru\u0144 | Bydgoszcz - | Tlen medyczny\",\"potentialAction\":[{\"@type\":\"SearchAction\",\"target\":{\"@type\":\"EntryPoint\",\"urlTemplate\":\"http:\\\/\\\/www.hiperbaria-wichulec.pl\\\/?s={search_term_string}\"},\"query-input\":{\"@type\":\"PropertyValueSpecification\",\"valueRequired\":true,\"valueName\":\"search_term_string\"}}],\"inLanguage\":\"pl-PL\"}]}<\/script>\n<!-- \/ Yoast SEO plugin. -->","yoast_head_json":{"title":"Reumatyzm - Komora Hiperbaryczna | +48 660 633 404 - Brodnica | Wichulec | Toru\u0144 | Bydgoszcz - | Tlen medyczny","robots":{"index":"index","follow":"follow","max-snippet":"max-snippet:-1","max-image-preview":"max-image-preview:large","max-video-preview":"max-video-preview:-1"},"canonical":"https:\/\/www.hiperbaria-wichulec.pl\/index.php\/reumatyzm\/","og_locale":"pl_PL","og_type":"article","og_title":"Reumatyzm - Komora Hiperbaryczna | +48 660 633 404 - Brodnica | Wichulec | Toru\u0144 | Bydgoszcz - | Tlen medyczny","og_description":"Reumatyzm Reumatyzmem jest okre\u015blana obszerna grupa chor\u00f3b o wsp\u00f3lnej przyczynie-stanie zapalnym w tkankach obj\u0119tych chorob\u0105. Towarzysz\u0105cy b\u00f3l i inne objawy s\u0105 jedynie reakcj\u0105 organizmu na dzia\u0142anie czynnik\u00f3w uszkadzaj\u0105cych. Tlenoterapia hiperbaryczna (HBOT) poprzez eliminacj\u0119 stanu zapalnego oraz innych czynnik\u00f3w immunologicznych znacz\u0105co hamuje rozw\u00f3j procesu chorobowego. W Stanach Zjednoczonych, gdzie HBO jest popularn\u0105 i cz\u0119sto podstawow\u0105 metod\u0105 [&hellip;]","og_url":"https:\/\/www.hiperbaria-wichulec.pl\/index.php\/reumatyzm\/","og_site_name":"Komora Hiperbaryczna | +48 660 633 404 - Brodnica | Wichulec | Toru\u0144 | Bydgoszcz - | Tlen medyczny","article_modified_time":"2024-02-06T08:51:37+00:00","og_image":[{"url":"http:\/\/www.hiperbaria-wichulec.pl\/wp-content\/uploads\/2024\/02\/11.jpg","type":"","width":"","height":""}],"twitter_card":"summary_large_image","twitter_misc":{"Szacowany czas czytania":"1 minuta"},"schema":{"@context":"https:\/\/schema.org","@graph":[{"@type":"WebPage","@id":"https:\/\/www.hiperbaria-wichulec.pl\/index.php\/reumatyzm\/","url":"https:\/\/www.hiperbaria-wichulec.pl\/index.php\/reumatyzm\/","name":"Reumatyzm - Komora Hiperbaryczna | +48 660 633 404 - Brodnica | Wichulec | Toru\u0144 | Bydgoszcz - | Tlen medyczny","isPartOf":{"@id":"http:\/\/www.hiperbaria-wichulec.pl\/#website"},"primaryImageOfPage":{"@id":"https:\/\/www.hiperbaria-wichulec.pl\/index.php\/reumatyzm\/#primaryimage"},"image":{"@id":"https:\/\/www.hiperbaria-wichulec.pl\/index.php\/reumatyzm\/#primaryimage"},"thumbnailUrl":"http:\/\/www.hiperbaria-wichulec.pl\/wp-content\/uploads\/2024\/02\/11.jpg","datePublished":"2024-02-06T08:50:31+00:00","dateModified":"2024-02-06T08:51:37+00:00","breadcrumb":{"@id":"https:\/\/www.hiperbaria-wichulec.pl\/index.php\/reumatyzm\/#breadcrumb"},"inLanguage":"pl-PL","potentialAction":[{"@type":"ReadAction","target":["https:\/\/www.hiperbaria-wichulec.pl\/index.php\/reumatyzm\/"]}]},{"@type":"ImageObject","inLanguage":"pl-PL","@id":"https:\/\/www.hiperbaria-wichulec.pl\/index.php\/reumatyzm\/#primaryimage","url":"https:\/\/www.hiperbaria-wichulec.pl\/wp-content\/uploads\/2024\/02\/11.jpg","contentUrl":"https:\/\/www.hiperbaria-wichulec.pl\/wp-content\/uploads\/2024\/02\/11.jpg","width":1000,"height":1000},{"@type":"BreadcrumbList","@id":"https:\/\/www.hiperbaria-wichulec.pl\/index.php\/reumatyzm\/#breadcrumb","itemListElement":[{"@type":"ListItem","position":1,"name":"Strona g\u0142\u00f3wna","item":"https:\/\/www.hiperbaria-wichulec.pl\/"},{"@type":"ListItem","position":2,"name":"Reumatyzm"}]},{"@type":"WebSite","@id":"http:\/\/www.hiperbaria-wichulec.pl\/#website","url":"http:\/\/www.hiperbaria-wichulec.pl\/","name":"Komora Hiperbaryczna | +48 660 633 404 - Brodnica | Wichulec | Toru\u0144 | Bydgoszcz - | Tlen medyczny","description":"Komora Hiperbaryczna | +48 660 633 404 - Brodnica | Wichulec | Toru\u0144 | Bydgoszcz - | Tlen medyczny","potentialAction":[{"@type":"SearchAction","target":{"@type":"EntryPoint","urlTemplate":"http:\/\/www.hiperbaria-wichulec.pl\/?s={search_term_string}"},"query-input":{"@type":"PropertyValueSpecification","valueRequired":true,"valueName":"search_term_string"}}],"inLanguage":"pl-PL"}]}},"_links":{"self":[{"href":"https:\/\/www.hiperbaria-wichulec.pl\/index.php\/wp-json\/wp\/v2\/pages\/278","targetHints":{"allow":["GET"]}}],"collection":[{"href":"https:\/\/www.hiperbaria-wichulec.pl\/index.php\/wp-json\/wp\/v2\/pages"}],"about":[{"href":"https:\/\/www.hiperbaria-wichulec.pl\/index.php\/wp-json\/wp\/v2\/types\/page"}],"author":[{"embeddable":true,"href":"https:\/\/www.hiperbaria-wichulec.pl\/index.php\/wp-json\/wp\/v2\/users\/1"}],"replies":[{"embeddable":true,"href":"https:\/\/www.hiperbaria-wichulec.pl\/index.php\/wp-json\/wp\/v2\/comments?post=278"}],"version-history":[{"count":4,"href":"https:\/\/www.hiperbaria-wichulec.pl\/index.php\/wp-json\/wp\/v2\/pages\/278\/revisions"}],"predecessor-version":[{"id":283,"href":"https:\/\/www.hiperbaria-wichulec.pl\/index.php\/wp-json\/wp\/v2\/pages\/278\/revisions\/283"}],"wp:attachment":[{"href":"https:\/\/www.hiperbaria-wichulec.pl\/index.php\/wp-json\/wp\/v2\/media?parent=278"}],"curies":[{"name":"wp","href":"https:\/\/api.w.org\/{rel}","templated":true}]}}