{"id":512,"date":"2024-02-06T15:52:24","date_gmt":"2024-02-06T15:52:24","guid":{"rendered":"https:\/\/www.hiperbaria-wichulec.pl\/?page_id=512"},"modified":"2024-02-06T15:53:21","modified_gmt":"2024-02-06T15:53:21","slug":"regeneracja-po-zabiegach-chirurgicznych","status":"publish","type":"page","link":"https:\/\/www.hiperbaria-wichulec.pl\/index.php\/regeneracja-po-zabiegach-chirurgicznych\/","title":{"rendered":"Regeneracja po zabiegach chirurgicznych"},"content":{"rendered":"\t\t<div data-elementor-type=\"wp-page\" data-elementor-id=\"512\" class=\"elementor elementor-512\">\n\t\t\t\t<div class=\"elementor-element elementor-element-9146493 e-con-full e-flex e-con e-parent\" data-id=\"9146493\" data-element_type=\"container\" data-e-type=\"container\" data-settings=\"{&quot;background_background&quot;:&quot;classic&quot;}\">\n\t\t<div class=\"elementor-element elementor-element-651d061 e-con-full e-flex e-con e-child\" data-id=\"651d061\" data-element_type=\"container\" data-e-type=\"container\">\n\t\t\t\t<div class=\"elementor-element elementor-element-4f7ba97 elementor-widget elementor-widget-heading\" data-id=\"4f7ba97\" data-element_type=\"widget\" data-e-type=\"widget\" data-widget_type=\"heading.default\">\n\t\t\t\t<div class=\"elementor-widget-container\">\n\t\t\t\t\t<h1 class=\"elementor-heading-title elementor-size-default\">Regeneracja po zabiegach chirurgicznych<\/h1>\t\t\t\t<\/div>\n\t\t\t\t<\/div>\n\t\t\t\t<div class=\"elementor-element elementor-element-78d6662 elementor-widget elementor-widget-text-editor\" data-id=\"78d6662\" data-element_type=\"widget\" data-e-type=\"widget\" data-widget_type=\"text-editor.default\">\n\t\t\t\t<div class=\"elementor-widget-container\">\n\t\t\t\t\t\t\t\t\t<p>&#8222;Podstaw\u0105 uszkodzenia tkankowego \u2013 nie chc\u0119 powiedzie\u0107, \u017ce wszystkich patologii \u2013 jest niedotlenienie, czyli hipoksja. Zmiany, kt\u00f3re zachodz\u0105 w tkankach, martwica i obrz\u0119ki s\u0105 spowodowane tym, \u017ce na pewnym etapie rozwoju choroby tlen nie dop\u0142ywa do tkanek. Tkanki przechodz\u0105 na metabolizm beztlenowy i rozwijaj\u0105 si\u0119 zmiany zwi\u0105zane z martwic\u0105. A my podawanym pod ci\u015bnieniem tlenem maksymalnie nasycamy hemoglobin\u0119. Hemoglobina \u0142\u0105czy ze sob\u0105 tyle tlenu, ile mo\u017ce. Ale pami\u0119tajmy, \u017ce krew to te\u017c osocze, tkanka p\u0142ynna. Tam r\u00f3wnie\u017c, podaj\u0105c tlen pod zwi\u0119kszonym ci\u015bnieniem, jeste\u015bmy w stanie wytworzy\u0107 takie warunki, \u017ce tlenu rozpuszcza si\u0119 o wiele, wiele wi\u0119cej. Ten tlen z jednej strony maksymalnie powi\u0105zany z hemoglobin\u0105, z drugiej maksymalnie rozpuszczony w osoczu dociera do tkanek. Powoduje, \u017ce zmniejsza si\u0119 obrz\u0119k i rozszerzaj\u0105 si\u0119 naczynia. Tlen wywo\u0142uje r\u00f3wnie\u017c do\u015b\u0107 spektakularny efekt, zwany w fizjologii efektem Robin Hooda \u2013 poprawia przep\u0142yw krwi w tkankach niedotlenionych, kosztem tkanek dobrze natlenionych, wp\u0142ywa na tworzenie si\u0119 naczy\u0144 krwiono\u015bnych tam, gdzie ich nie ma, gdzie ich zabrak\u0142o, powoduj\u0105c, \u017ce tworz\u0105 si\u0119 nowe kana\u0142y, kt\u00f3rymi mo\u017ce dotrze\u0107 do tkanek, a tak\u017ce pobudzi\u0107 kom\u00f3rki, kt\u00f3re s\u0105 odpowiedzialne za mechanizmy obronne, jak dzia\u0142anie antybakteryjne. Hiperbaria jest metod\u0105 numer jeden w przypadkach rozwoju zaka\u017ce\u0144 spowodowanych dzia\u0142aniem bakterii beztlenowych, kt\u00f3re uwielbiaj\u0105 \u015brodowisko, gdzie nie ma tlenu. My zmieniaj\u0105c te warunki, powodujemy, \u017ce te bakterie po prostu zamieraj\u0105&#8221;<\/p>\t\t\t\t\t\t\t\t<\/div>\n\t\t\t\t<\/div>\n\t\t\t\t<\/div>\n\t\t<div class=\"elementor-element elementor-element-0f7ba62 e-con-full e-flex e-con e-child\" data-id=\"0f7ba62\" data-element_type=\"container\" data-e-type=\"container\">\n\t\t\t\t<div class=\"elementor-element elementor-element-c4e5d35 elementor-widget elementor-widget-image\" data-id=\"c4e5d35\" data-element_type=\"widget\" data-e-type=\"widget\" data-widget_type=\"image.default\">\n\t\t\t\t<div class=\"elementor-widget-container\">\n\t\t\t\t\t\t\t\t\t\t\t\t\t\t\t<img fetchpriority=\"high\" decoding=\"async\" width=\"800\" height=\"800\" src=\"https:\/\/www.hiperbaria-wichulec.pl\/wp-content\/uploads\/2024\/02\/314355622_432668032389592_1613994494411206102_n-1024x1024.jpg\" class=\"attachment-large size-large wp-image-508\" alt=\"\" srcset=\"https:\/\/www.hiperbaria-wichulec.pl\/wp-content\/uploads\/2024\/02\/314355622_432668032389592_1613994494411206102_n-1024x1024.jpg 1024w, https:\/\/www.hiperbaria-wichulec.pl\/wp-content\/uploads\/2024\/02\/314355622_432668032389592_1613994494411206102_n-300x300.jpg 300w, https:\/\/www.hiperbaria-wichulec.pl\/wp-content\/uploads\/2024\/02\/314355622_432668032389592_1613994494411206102_n-150x150.jpg 150w, https:\/\/www.hiperbaria-wichulec.pl\/wp-content\/uploads\/2024\/02\/314355622_432668032389592_1613994494411206102_n-768x768.jpg 768w, https:\/\/www.hiperbaria-wichulec.pl\/wp-content\/uploads\/2024\/02\/314355622_432668032389592_1613994494411206102_n-500x500.jpg 500w, https:\/\/www.hiperbaria-wichulec.pl\/wp-content\/uploads\/2024\/02\/314355622_432668032389592_1613994494411206102_n-800x800.jpg 800w, https:\/\/www.hiperbaria-wichulec.pl\/wp-content\/uploads\/2024\/02\/314355622_432668032389592_1613994494411206102_n.jpg 1281w\" sizes=\"(max-width: 800px) 100vw, 800px\" \/>\t\t\t\t\t\t\t\t\t\t\t\t\t\t\t<\/div>\n\t\t\t\t<\/div>\n\t\t\t\t<\/div>\n\t\t\t\t<\/div>\n\t\t\t\t<\/div>\n\t\t","protected":false},"excerpt":{"rendered":"<p>Regeneracja po zabiegach chirurgicznych &#8222;Podstaw\u0105 uszkodzenia tkankowego \u2013 nie chc\u0119 powiedzie\u0107, \u017ce wszystkich patologii \u2013 jest niedotlenienie, czyli hipoksja. Zmiany, kt\u00f3re zachodz\u0105 w tkankach, martwica i obrz\u0119ki s\u0105 spowodowane tym, \u017ce na pewnym etapie rozwoju choroby tlen nie dop\u0142ywa do tkanek. Tkanki przechodz\u0105 na metabolizm beztlenowy i rozwijaj\u0105 si\u0119 zmiany zwi\u0105zane z martwic\u0105. A my [&hellip;]<\/p>\n","protected":false},"author":1,"featured_media":0,"parent":0,"menu_order":0,"comment_status":"closed","ping_status":"closed","template":"","meta":{"_vp_format_video_url":"","_vp_image_focal_point":[],"footnotes":""},"class_list":["post-512","page","type-page","status-publish","hentry"],"yoast_head":"<!-- This site is optimized with the Yoast SEO plugin v27.4 - https:\/\/yoast.com\/product\/yoast-seo-wordpress\/ -->\n<title>Regeneracja po zabiegach chirurgicznych - Komora Hiperbaryczna | +48 660 633 404 - Brodnica | Wichulec | Toru\u0144 | Bydgoszcz - | Tlen medyczny<\/title>\n<meta name=\"robots\" content=\"index, follow, max-snippet:-1, max-image-preview:large, max-video-preview:-1\" \/>\n<link rel=\"canonical\" href=\"https:\/\/www.hiperbaria-wichulec.pl\/index.php\/regeneracja-po-zabiegach-chirurgicznych\/\" \/>\n<meta property=\"og:locale\" content=\"pl_PL\" \/>\n<meta property=\"og:type\" content=\"article\" \/>\n<meta property=\"og:title\" content=\"Regeneracja po zabiegach chirurgicznych - Komora Hiperbaryczna | +48 660 633 404 - Brodnica | Wichulec | Toru\u0144 | Bydgoszcz - | Tlen medyczny\" \/>\n<meta property=\"og:description\" content=\"Regeneracja po zabiegach chirurgicznych &#8222;Podstaw\u0105 uszkodzenia tkankowego \u2013 nie chc\u0119 powiedzie\u0107, \u017ce wszystkich patologii \u2013 jest niedotlenienie, czyli hipoksja. Zmiany, kt\u00f3re zachodz\u0105 w tkankach, martwica i obrz\u0119ki s\u0105 spowodowane tym, \u017ce na pewnym etapie rozwoju choroby tlen nie dop\u0142ywa do tkanek. Tkanki przechodz\u0105 na metabolizm beztlenowy i rozwijaj\u0105 si\u0119 zmiany zwi\u0105zane z martwic\u0105. A my [&hellip;]\" \/>\n<meta property=\"og:url\" content=\"https:\/\/www.hiperbaria-wichulec.pl\/index.php\/regeneracja-po-zabiegach-chirurgicznych\/\" \/>\n<meta property=\"og:site_name\" content=\"Komora Hiperbaryczna | +48 660 633 404 - Brodnica | Wichulec | Toru\u0144 | Bydgoszcz - | Tlen medyczny\" \/>\n<meta property=\"article:modified_time\" content=\"2024-02-06T15:53:21+00:00\" \/>\n<meta property=\"og:image\" content=\"http:\/\/www.hiperbaria-wichulec.pl\/wp-content\/uploads\/2024\/02\/314355622_432668032389592_1613994494411206102_n-1024x1024.jpg\" \/>\n<meta name=\"twitter:card\" content=\"summary_large_image\" \/>\n<meta name=\"twitter:label1\" content=\"Szacowany czas czytania\" \/>\n\t<meta name=\"twitter:data1\" content=\"2 minuty\" \/>\n<script type=\"application\/ld+json\" class=\"yoast-schema-graph\">{\"@context\":\"https:\\\/\\\/schema.org\",\"@graph\":[{\"@type\":\"WebPage\",\"@id\":\"https:\\\/\\\/www.hiperbaria-wichulec.pl\\\/index.php\\\/regeneracja-po-zabiegach-chirurgicznych\\\/\",\"url\":\"https:\\\/\\\/www.hiperbaria-wichulec.pl\\\/index.php\\\/regeneracja-po-zabiegach-chirurgicznych\\\/\",\"name\":\"Regeneracja po zabiegach chirurgicznych - Komora Hiperbaryczna | +48 660 633 404 - Brodnica | Wichulec | Toru\u0144 | Bydgoszcz - | Tlen medyczny\",\"isPartOf\":{\"@id\":\"http:\\\/\\\/www.hiperbaria-wichulec.pl\\\/#website\"},\"primaryImageOfPage\":{\"@id\":\"https:\\\/\\\/www.hiperbaria-wichulec.pl\\\/index.php\\\/regeneracja-po-zabiegach-chirurgicznych\\\/#primaryimage\"},\"image\":{\"@id\":\"https:\\\/\\\/www.hiperbaria-wichulec.pl\\\/index.php\\\/regeneracja-po-zabiegach-chirurgicznych\\\/#primaryimage\"},\"thumbnailUrl\":\"http:\\\/\\\/www.hiperbaria-wichulec.pl\\\/wp-content\\\/uploads\\\/2024\\\/02\\\/314355622_432668032389592_1613994494411206102_n-1024x1024.jpg\",\"datePublished\":\"2024-02-06T15:52:24+00:00\",\"dateModified\":\"2024-02-06T15:53:21+00:00\",\"breadcrumb\":{\"@id\":\"https:\\\/\\\/www.hiperbaria-wichulec.pl\\\/index.php\\\/regeneracja-po-zabiegach-chirurgicznych\\\/#breadcrumb\"},\"inLanguage\":\"pl-PL\",\"potentialAction\":[{\"@type\":\"ReadAction\",\"target\":[\"https:\\\/\\\/www.hiperbaria-wichulec.pl\\\/index.php\\\/regeneracja-po-zabiegach-chirurgicznych\\\/\"]}]},{\"@type\":\"ImageObject\",\"inLanguage\":\"pl-PL\",\"@id\":\"https:\\\/\\\/www.hiperbaria-wichulec.pl\\\/index.php\\\/regeneracja-po-zabiegach-chirurgicznych\\\/#primaryimage\",\"url\":\"https:\\\/\\\/www.hiperbaria-wichulec.pl\\\/wp-content\\\/uploads\\\/2024\\\/02\\\/314355622_432668032389592_1613994494411206102_n.jpg\",\"contentUrl\":\"https:\\\/\\\/www.hiperbaria-wichulec.pl\\\/wp-content\\\/uploads\\\/2024\\\/02\\\/314355622_432668032389592_1613994494411206102_n.jpg\",\"width\":1281,\"height\":1281},{\"@type\":\"BreadcrumbList\",\"@id\":\"https:\\\/\\\/www.hiperbaria-wichulec.pl\\\/index.php\\\/regeneracja-po-zabiegach-chirurgicznych\\\/#breadcrumb\",\"itemListElement\":[{\"@type\":\"ListItem\",\"position\":1,\"name\":\"Strona g\u0142\u00f3wna\",\"item\":\"https:\\\/\\\/www.hiperbaria-wichulec.pl\\\/\"},{\"@type\":\"ListItem\",\"position\":2,\"name\":\"Regeneracja po zabiegach chirurgicznych\"}]},{\"@type\":\"WebSite\",\"@id\":\"http:\\\/\\\/www.hiperbaria-wichulec.pl\\\/#website\",\"url\":\"http:\\\/\\\/www.hiperbaria-wichulec.pl\\\/\",\"name\":\"Komora Hiperbaryczna | +48 660 633 404 - Brodnica | Wichulec | Toru\u0144 | Bydgoszcz - | Tlen medyczny\",\"description\":\"Komora Hiperbaryczna | +48 660 633 404 - Brodnica | Wichulec | Toru\u0144 | Bydgoszcz - | Tlen medyczny\",\"potentialAction\":[{\"@type\":\"SearchAction\",\"target\":{\"@type\":\"EntryPoint\",\"urlTemplate\":\"http:\\\/\\\/www.hiperbaria-wichulec.pl\\\/?s={search_term_string}\"},\"query-input\":{\"@type\":\"PropertyValueSpecification\",\"valueRequired\":true,\"valueName\":\"search_term_string\"}}],\"inLanguage\":\"pl-PL\"}]}<\/script>\n<!-- \/ Yoast SEO plugin. -->","yoast_head_json":{"title":"Regeneracja po zabiegach chirurgicznych - Komora Hiperbaryczna | +48 660 633 404 - Brodnica | Wichulec | Toru\u0144 | Bydgoszcz - | Tlen medyczny","robots":{"index":"index","follow":"follow","max-snippet":"max-snippet:-1","max-image-preview":"max-image-preview:large","max-video-preview":"max-video-preview:-1"},"canonical":"https:\/\/www.hiperbaria-wichulec.pl\/index.php\/regeneracja-po-zabiegach-chirurgicznych\/","og_locale":"pl_PL","og_type":"article","og_title":"Regeneracja po zabiegach chirurgicznych - Komora Hiperbaryczna | +48 660 633 404 - Brodnica | Wichulec | Toru\u0144 | Bydgoszcz - | Tlen medyczny","og_description":"Regeneracja po zabiegach chirurgicznych &#8222;Podstaw\u0105 uszkodzenia tkankowego \u2013 nie chc\u0119 powiedzie\u0107, \u017ce wszystkich patologii \u2013 jest niedotlenienie, czyli hipoksja. Zmiany, kt\u00f3re zachodz\u0105 w tkankach, martwica i obrz\u0119ki s\u0105 spowodowane tym, \u017ce na pewnym etapie rozwoju choroby tlen nie dop\u0142ywa do tkanek. Tkanki przechodz\u0105 na metabolizm beztlenowy i rozwijaj\u0105 si\u0119 zmiany zwi\u0105zane z martwic\u0105. A my [&hellip;]","og_url":"https:\/\/www.hiperbaria-wichulec.pl\/index.php\/regeneracja-po-zabiegach-chirurgicznych\/","og_site_name":"Komora Hiperbaryczna | +48 660 633 404 - Brodnica | Wichulec | Toru\u0144 | Bydgoszcz - | Tlen medyczny","article_modified_time":"2024-02-06T15:53:21+00:00","og_image":[{"url":"http:\/\/www.hiperbaria-wichulec.pl\/wp-content\/uploads\/2024\/02\/314355622_432668032389592_1613994494411206102_n-1024x1024.jpg","type":"","width":"","height":""}],"twitter_card":"summary_large_image","twitter_misc":{"Szacowany czas czytania":"2 minuty"},"schema":{"@context":"https:\/\/schema.org","@graph":[{"@type":"WebPage","@id":"https:\/\/www.hiperbaria-wichulec.pl\/index.php\/regeneracja-po-zabiegach-chirurgicznych\/","url":"https:\/\/www.hiperbaria-wichulec.pl\/index.php\/regeneracja-po-zabiegach-chirurgicznych\/","name":"Regeneracja po zabiegach chirurgicznych - Komora Hiperbaryczna | +48 660 633 404 - Brodnica | Wichulec | Toru\u0144 | Bydgoszcz - | Tlen medyczny","isPartOf":{"@id":"http:\/\/www.hiperbaria-wichulec.pl\/#website"},"primaryImageOfPage":{"@id":"https:\/\/www.hiperbaria-wichulec.pl\/index.php\/regeneracja-po-zabiegach-chirurgicznych\/#primaryimage"},"image":{"@id":"https:\/\/www.hiperbaria-wichulec.pl\/index.php\/regeneracja-po-zabiegach-chirurgicznych\/#primaryimage"},"thumbnailUrl":"http:\/\/www.hiperbaria-wichulec.pl\/wp-content\/uploads\/2024\/02\/314355622_432668032389592_1613994494411206102_n-1024x1024.jpg","datePublished":"2024-02-06T15:52:24+00:00","dateModified":"2024-02-06T15:53:21+00:00","breadcrumb":{"@id":"https:\/\/www.hiperbaria-wichulec.pl\/index.php\/regeneracja-po-zabiegach-chirurgicznych\/#breadcrumb"},"inLanguage":"pl-PL","potentialAction":[{"@type":"ReadAction","target":["https:\/\/www.hiperbaria-wichulec.pl\/index.php\/regeneracja-po-zabiegach-chirurgicznych\/"]}]},{"@type":"ImageObject","inLanguage":"pl-PL","@id":"https:\/\/www.hiperbaria-wichulec.pl\/index.php\/regeneracja-po-zabiegach-chirurgicznych\/#primaryimage","url":"https:\/\/www.hiperbaria-wichulec.pl\/wp-content\/uploads\/2024\/02\/314355622_432668032389592_1613994494411206102_n.jpg","contentUrl":"https:\/\/www.hiperbaria-wichulec.pl\/wp-content\/uploads\/2024\/02\/314355622_432668032389592_1613994494411206102_n.jpg","width":1281,"height":1281},{"@type":"BreadcrumbList","@id":"https:\/\/www.hiperbaria-wichulec.pl\/index.php\/regeneracja-po-zabiegach-chirurgicznych\/#breadcrumb","itemListElement":[{"@type":"ListItem","position":1,"name":"Strona g\u0142\u00f3wna","item":"https:\/\/www.hiperbaria-wichulec.pl\/"},{"@type":"ListItem","position":2,"name":"Regeneracja po zabiegach chirurgicznych"}]},{"@type":"WebSite","@id":"http:\/\/www.hiperbaria-wichulec.pl\/#website","url":"http:\/\/www.hiperbaria-wichulec.pl\/","name":"Komora Hiperbaryczna | +48 660 633 404 - Brodnica | Wichulec | Toru\u0144 | Bydgoszcz - | Tlen medyczny","description":"Komora Hiperbaryczna | +48 660 633 404 - Brodnica | Wichulec | Toru\u0144 | Bydgoszcz - | Tlen medyczny","potentialAction":[{"@type":"SearchAction","target":{"@type":"EntryPoint","urlTemplate":"http:\/\/www.hiperbaria-wichulec.pl\/?s={search_term_string}"},"query-input":{"@type":"PropertyValueSpecification","valueRequired":true,"valueName":"search_term_string"}}],"inLanguage":"pl-PL"}]}},"_links":{"self":[{"href":"https:\/\/www.hiperbaria-wichulec.pl\/index.php\/wp-json\/wp\/v2\/pages\/512","targetHints":{"allow":["GET"]}}],"collection":[{"href":"https:\/\/www.hiperbaria-wichulec.pl\/index.php\/wp-json\/wp\/v2\/pages"}],"about":[{"href":"https:\/\/www.hiperbaria-wichulec.pl\/index.php\/wp-json\/wp\/v2\/types\/page"}],"author":[{"embeddable":true,"href":"https:\/\/www.hiperbaria-wichulec.pl\/index.php\/wp-json\/wp\/v2\/users\/1"}],"replies":[{"embeddable":true,"href":"https:\/\/www.hiperbaria-wichulec.pl\/index.php\/wp-json\/wp\/v2\/comments?post=512"}],"version-history":[{"count":4,"href":"https:\/\/www.hiperbaria-wichulec.pl\/index.php\/wp-json\/wp\/v2\/pages\/512\/revisions"}],"predecessor-version":[{"id":516,"href":"https:\/\/www.hiperbaria-wichulec.pl\/index.php\/wp-json\/wp\/v2\/pages\/512\/revisions\/516"}],"wp:attachment":[{"href":"https:\/\/www.hiperbaria-wichulec.pl\/index.php\/wp-json\/wp\/v2\/media?parent=512"}],"curies":[{"name":"wp","href":"https:\/\/api.w.org\/{rel}","templated":true}]}}