{"id":566,"date":"2024-02-06T16:05:25","date_gmt":"2024-02-06T16:05:25","guid":{"rendered":"https:\/\/www.hiperbaria-wichulec.pl\/?page_id=566"},"modified":"2024-02-06T16:05:57","modified_gmt":"2024-02-06T16:05:57","slug":"rehabilitacja-kardiologiczna","status":"publish","type":"page","link":"https:\/\/www.hiperbaria-wichulec.pl\/index.php\/rehabilitacja-kardiologiczna\/","title":{"rendered":"Rehabilitacja kardiologiczna"},"content":{"rendered":"\t\t<div data-elementor-type=\"wp-page\" data-elementor-id=\"566\" class=\"elementor elementor-566\">\n\t\t\t\t<div class=\"elementor-element elementor-element-9146493 e-con-full e-flex e-con e-parent\" data-id=\"9146493\" data-element_type=\"container\" data-e-type=\"container\" data-settings=\"{&quot;background_background&quot;:&quot;classic&quot;}\">\n\t\t<div class=\"elementor-element elementor-element-651d061 e-con-full e-flex e-con e-child\" data-id=\"651d061\" data-element_type=\"container\" data-e-type=\"container\">\n\t\t\t\t<div class=\"elementor-element elementor-element-4f7ba97 elementor-widget elementor-widget-heading\" data-id=\"4f7ba97\" data-element_type=\"widget\" data-e-type=\"widget\" data-widget_type=\"heading.default\">\n\t\t\t\t<div class=\"elementor-widget-container\">\n\t\t\t\t\t<h1 class=\"elementor-heading-title elementor-size-default\">Rehabilitacja kardiologiczna<\/h1>\t\t\t\t<\/div>\n\t\t\t\t<\/div>\n\t\t\t\t<div class=\"elementor-element elementor-element-78d6662 elementor-widget elementor-widget-text-editor\" data-id=\"78d6662\" data-element_type=\"widget\" data-e-type=\"widget\" data-widget_type=\"text-editor.default\">\n\t\t\t\t<div class=\"elementor-widget-container\">\n\t\t\t\t\t\t\t\t\t<p>Kardiologia \u2013 dziedzina medycyny zajmuj\u0105ca si\u0119 schorzeniami i wadami uk\u0142adu sercowo-naczyniowego oraz ich rozpoznawaniem i leczeniem. Zastosowanie zabieg\u00f3w w komorze hiperbarycznej w chorobach serca jest znane od dawna. Efekty leczenia 100% tlenem to poprawa tolerancji wysi\u0142ku i stanu neuropsychicznego. Zabiegi tlenoterapii w rehabilitacji kardiologicznej \u0142agodz\u0105 nadci\u015bnienie p\u0142ucne i objawy niewydolno\u015bci prawej komory serca. HBOT w po\u0142\u0105czeniu z terapi\u0105 kardiologiczn\u0105 prowadzi do ograniczenia \u015bmiertelno\u015bci oraz obni\u017cenia ryzyka powa\u017cnych powik\u0142a\u0144 chorobowych.<\/p>\t\t\t\t\t\t\t\t<\/div>\n\t\t\t\t<\/div>\n\t\t\t\t<\/div>\n\t\t<div class=\"elementor-element elementor-element-0f7ba62 e-con-full e-flex e-con e-child\" data-id=\"0f7ba62\" data-element_type=\"container\" data-e-type=\"container\">\n\t\t\t\t<div class=\"elementor-element elementor-element-c4e5d35 elementor-widget elementor-widget-image\" data-id=\"c4e5d35\" data-element_type=\"widget\" data-e-type=\"widget\" data-widget_type=\"image.default\">\n\t\t\t\t<div class=\"elementor-widget-container\">\n\t\t\t\t\t\t\t\t\t\t\t\t\t\t\t<img fetchpriority=\"high\" decoding=\"async\" width=\"250\" height=\"250\" src=\"https:\/\/www.hiperbaria-wichulec.pl\/wp-content\/uploads\/2024\/02\/18.jpg\" class=\"attachment-large size-large wp-image-76\" alt=\"\" srcset=\"https:\/\/www.hiperbaria-wichulec.pl\/wp-content\/uploads\/2024\/02\/18.jpg 250w, https:\/\/www.hiperbaria-wichulec.pl\/wp-content\/uploads\/2024\/02\/18-150x150.jpg 150w\" sizes=\"(max-width: 250px) 100vw, 250px\" \/>\t\t\t\t\t\t\t\t\t\t\t\t\t\t\t<\/div>\n\t\t\t\t<\/div>\n\t\t\t\t<\/div>\n\t\t\t\t<\/div>\n\t\t\t\t<\/div>\n\t\t","protected":false},"excerpt":{"rendered":"<p>Rehabilitacja kardiologiczna Kardiologia \u2013 dziedzina medycyny zajmuj\u0105ca si\u0119 schorzeniami i wadami uk\u0142adu sercowo-naczyniowego oraz ich rozpoznawaniem i leczeniem. Zastosowanie zabieg\u00f3w w komorze hiperbarycznej w chorobach serca jest znane od dawna. Efekty leczenia 100% tlenem to poprawa tolerancji wysi\u0142ku i stanu neuropsychicznego. Zabiegi tlenoterapii w rehabilitacji kardiologicznej \u0142agodz\u0105 nadci\u015bnienie p\u0142ucne i objawy niewydolno\u015bci prawej komory serca. [&hellip;]<\/p>\n","protected":false},"author":1,"featured_media":0,"parent":0,"menu_order":0,"comment_status":"closed","ping_status":"closed","template":"","meta":{"_vp_format_video_url":"","_vp_image_focal_point":[],"footnotes":""},"class_list":["post-566","page","type-page","status-publish","hentry"],"yoast_head":"<!-- This site is optimized with the Yoast SEO plugin v27.4 - https:\/\/yoast.com\/product\/yoast-seo-wordpress\/ -->\n<title>Rehabilitacja kardiologiczna - Komora Hiperbaryczna | +48 660 633 404 - Brodnica | Wichulec | Toru\u0144 | Bydgoszcz - | Tlen medyczny<\/title>\n<meta name=\"robots\" content=\"index, follow, max-snippet:-1, max-image-preview:large, max-video-preview:-1\" \/>\n<link rel=\"canonical\" href=\"https:\/\/www.hiperbaria-wichulec.pl\/index.php\/rehabilitacja-kardiologiczna\/\" \/>\n<meta property=\"og:locale\" content=\"pl_PL\" \/>\n<meta property=\"og:type\" content=\"article\" \/>\n<meta property=\"og:title\" content=\"Rehabilitacja kardiologiczna - Komora Hiperbaryczna | +48 660 633 404 - Brodnica | Wichulec | Toru\u0144 | Bydgoszcz - | Tlen medyczny\" \/>\n<meta property=\"og:description\" content=\"Rehabilitacja kardiologiczna Kardiologia \u2013 dziedzina medycyny zajmuj\u0105ca si\u0119 schorzeniami i wadami uk\u0142adu sercowo-naczyniowego oraz ich rozpoznawaniem i leczeniem. Zastosowanie zabieg\u00f3w w komorze hiperbarycznej w chorobach serca jest znane od dawna. Efekty leczenia 100% tlenem to poprawa tolerancji wysi\u0142ku i stanu neuropsychicznego. Zabiegi tlenoterapii w rehabilitacji kardiologicznej \u0142agodz\u0105 nadci\u015bnienie p\u0142ucne i objawy niewydolno\u015bci prawej komory serca. [&hellip;]\" \/>\n<meta property=\"og:url\" content=\"https:\/\/www.hiperbaria-wichulec.pl\/index.php\/rehabilitacja-kardiologiczna\/\" \/>\n<meta property=\"og:site_name\" content=\"Komora Hiperbaryczna | +48 660 633 404 - Brodnica | Wichulec | Toru\u0144 | Bydgoszcz - | Tlen medyczny\" \/>\n<meta property=\"article:modified_time\" content=\"2024-02-06T16:05:57+00:00\" \/>\n<meta property=\"og:image\" content=\"http:\/\/www.hiperbaria-wichulec.pl\/wp-content\/uploads\/2024\/02\/18.jpg\" \/>\n<meta name=\"twitter:card\" content=\"summary_large_image\" \/>\n<meta name=\"twitter:label1\" content=\"Szacowany czas czytania\" \/>\n\t<meta name=\"twitter:data1\" content=\"1 minuta\" \/>\n<script type=\"application\/ld+json\" class=\"yoast-schema-graph\">{\"@context\":\"https:\\\/\\\/schema.org\",\"@graph\":[{\"@type\":\"WebPage\",\"@id\":\"https:\\\/\\\/www.hiperbaria-wichulec.pl\\\/index.php\\\/rehabilitacja-kardiologiczna\\\/\",\"url\":\"https:\\\/\\\/www.hiperbaria-wichulec.pl\\\/index.php\\\/rehabilitacja-kardiologiczna\\\/\",\"name\":\"Rehabilitacja kardiologiczna - Komora Hiperbaryczna | +48 660 633 404 - Brodnica | Wichulec | Toru\u0144 | Bydgoszcz - | Tlen medyczny\",\"isPartOf\":{\"@id\":\"http:\\\/\\\/www.hiperbaria-wichulec.pl\\\/#website\"},\"primaryImageOfPage\":{\"@id\":\"https:\\\/\\\/www.hiperbaria-wichulec.pl\\\/index.php\\\/rehabilitacja-kardiologiczna\\\/#primaryimage\"},\"image\":{\"@id\":\"https:\\\/\\\/www.hiperbaria-wichulec.pl\\\/index.php\\\/rehabilitacja-kardiologiczna\\\/#primaryimage\"},\"thumbnailUrl\":\"http:\\\/\\\/www.hiperbaria-wichulec.pl\\\/wp-content\\\/uploads\\\/2024\\\/02\\\/18.jpg\",\"datePublished\":\"2024-02-06T16:05:25+00:00\",\"dateModified\":\"2024-02-06T16:05:57+00:00\",\"breadcrumb\":{\"@id\":\"https:\\\/\\\/www.hiperbaria-wichulec.pl\\\/index.php\\\/rehabilitacja-kardiologiczna\\\/#breadcrumb\"},\"inLanguage\":\"pl-PL\",\"potentialAction\":[{\"@type\":\"ReadAction\",\"target\":[\"https:\\\/\\\/www.hiperbaria-wichulec.pl\\\/index.php\\\/rehabilitacja-kardiologiczna\\\/\"]}]},{\"@type\":\"ImageObject\",\"inLanguage\":\"pl-PL\",\"@id\":\"https:\\\/\\\/www.hiperbaria-wichulec.pl\\\/index.php\\\/rehabilitacja-kardiologiczna\\\/#primaryimage\",\"url\":\"https:\\\/\\\/www.hiperbaria-wichulec.pl\\\/wp-content\\\/uploads\\\/2024\\\/02\\\/18.jpg\",\"contentUrl\":\"https:\\\/\\\/www.hiperbaria-wichulec.pl\\\/wp-content\\\/uploads\\\/2024\\\/02\\\/18.jpg\",\"width\":250,\"height\":250},{\"@type\":\"BreadcrumbList\",\"@id\":\"https:\\\/\\\/www.hiperbaria-wichulec.pl\\\/index.php\\\/rehabilitacja-kardiologiczna\\\/#breadcrumb\",\"itemListElement\":[{\"@type\":\"ListItem\",\"position\":1,\"name\":\"Strona g\u0142\u00f3wna\",\"item\":\"https:\\\/\\\/www.hiperbaria-wichulec.pl\\\/\"},{\"@type\":\"ListItem\",\"position\":2,\"name\":\"Rehabilitacja kardiologiczna\"}]},{\"@type\":\"WebSite\",\"@id\":\"http:\\\/\\\/www.hiperbaria-wichulec.pl\\\/#website\",\"url\":\"http:\\\/\\\/www.hiperbaria-wichulec.pl\\\/\",\"name\":\"Komora Hiperbaryczna | +48 660 633 404 - Brodnica | Wichulec | Toru\u0144 | Bydgoszcz - | Tlen medyczny\",\"description\":\"Komora Hiperbaryczna | +48 660 633 404 - Brodnica | Wichulec | Toru\u0144 | Bydgoszcz - | Tlen medyczny\",\"potentialAction\":[{\"@type\":\"SearchAction\",\"target\":{\"@type\":\"EntryPoint\",\"urlTemplate\":\"http:\\\/\\\/www.hiperbaria-wichulec.pl\\\/?s={search_term_string}\"},\"query-input\":{\"@type\":\"PropertyValueSpecification\",\"valueRequired\":true,\"valueName\":\"search_term_string\"}}],\"inLanguage\":\"pl-PL\"}]}<\/script>\n<!-- \/ Yoast SEO plugin. -->","yoast_head_json":{"title":"Rehabilitacja kardiologiczna - Komora Hiperbaryczna | +48 660 633 404 - Brodnica | Wichulec | Toru\u0144 | Bydgoszcz - | Tlen medyczny","robots":{"index":"index","follow":"follow","max-snippet":"max-snippet:-1","max-image-preview":"max-image-preview:large","max-video-preview":"max-video-preview:-1"},"canonical":"https:\/\/www.hiperbaria-wichulec.pl\/index.php\/rehabilitacja-kardiologiczna\/","og_locale":"pl_PL","og_type":"article","og_title":"Rehabilitacja kardiologiczna - Komora Hiperbaryczna | +48 660 633 404 - Brodnica | Wichulec | Toru\u0144 | Bydgoszcz - | Tlen medyczny","og_description":"Rehabilitacja kardiologiczna Kardiologia \u2013 dziedzina medycyny zajmuj\u0105ca si\u0119 schorzeniami i wadami uk\u0142adu sercowo-naczyniowego oraz ich rozpoznawaniem i leczeniem. Zastosowanie zabieg\u00f3w w komorze hiperbarycznej w chorobach serca jest znane od dawna. Efekty leczenia 100% tlenem to poprawa tolerancji wysi\u0142ku i stanu neuropsychicznego. Zabiegi tlenoterapii w rehabilitacji kardiologicznej \u0142agodz\u0105 nadci\u015bnienie p\u0142ucne i objawy niewydolno\u015bci prawej komory serca. [&hellip;]","og_url":"https:\/\/www.hiperbaria-wichulec.pl\/index.php\/rehabilitacja-kardiologiczna\/","og_site_name":"Komora Hiperbaryczna | +48 660 633 404 - Brodnica | Wichulec | Toru\u0144 | Bydgoszcz - | Tlen medyczny","article_modified_time":"2024-02-06T16:05:57+00:00","og_image":[{"url":"http:\/\/www.hiperbaria-wichulec.pl\/wp-content\/uploads\/2024\/02\/18.jpg","type":"","width":"","height":""}],"twitter_card":"summary_large_image","twitter_misc":{"Szacowany czas czytania":"1 minuta"},"schema":{"@context":"https:\/\/schema.org","@graph":[{"@type":"WebPage","@id":"https:\/\/www.hiperbaria-wichulec.pl\/index.php\/rehabilitacja-kardiologiczna\/","url":"https:\/\/www.hiperbaria-wichulec.pl\/index.php\/rehabilitacja-kardiologiczna\/","name":"Rehabilitacja kardiologiczna - Komora Hiperbaryczna | +48 660 633 404 - Brodnica | Wichulec | Toru\u0144 | Bydgoszcz - | Tlen medyczny","isPartOf":{"@id":"http:\/\/www.hiperbaria-wichulec.pl\/#website"},"primaryImageOfPage":{"@id":"https:\/\/www.hiperbaria-wichulec.pl\/index.php\/rehabilitacja-kardiologiczna\/#primaryimage"},"image":{"@id":"https:\/\/www.hiperbaria-wichulec.pl\/index.php\/rehabilitacja-kardiologiczna\/#primaryimage"},"thumbnailUrl":"http:\/\/www.hiperbaria-wichulec.pl\/wp-content\/uploads\/2024\/02\/18.jpg","datePublished":"2024-02-06T16:05:25+00:00","dateModified":"2024-02-06T16:05:57+00:00","breadcrumb":{"@id":"https:\/\/www.hiperbaria-wichulec.pl\/index.php\/rehabilitacja-kardiologiczna\/#breadcrumb"},"inLanguage":"pl-PL","potentialAction":[{"@type":"ReadAction","target":["https:\/\/www.hiperbaria-wichulec.pl\/index.php\/rehabilitacja-kardiologiczna\/"]}]},{"@type":"ImageObject","inLanguage":"pl-PL","@id":"https:\/\/www.hiperbaria-wichulec.pl\/index.php\/rehabilitacja-kardiologiczna\/#primaryimage","url":"https:\/\/www.hiperbaria-wichulec.pl\/wp-content\/uploads\/2024\/02\/18.jpg","contentUrl":"https:\/\/www.hiperbaria-wichulec.pl\/wp-content\/uploads\/2024\/02\/18.jpg","width":250,"height":250},{"@type":"BreadcrumbList","@id":"https:\/\/www.hiperbaria-wichulec.pl\/index.php\/rehabilitacja-kardiologiczna\/#breadcrumb","itemListElement":[{"@type":"ListItem","position":1,"name":"Strona g\u0142\u00f3wna","item":"https:\/\/www.hiperbaria-wichulec.pl\/"},{"@type":"ListItem","position":2,"name":"Rehabilitacja kardiologiczna"}]},{"@type":"WebSite","@id":"http:\/\/www.hiperbaria-wichulec.pl\/#website","url":"http:\/\/www.hiperbaria-wichulec.pl\/","name":"Komora Hiperbaryczna | +48 660 633 404 - Brodnica | Wichulec | Toru\u0144 | Bydgoszcz - | Tlen medyczny","description":"Komora Hiperbaryczna | +48 660 633 404 - Brodnica | Wichulec | Toru\u0144 | Bydgoszcz - | Tlen medyczny","potentialAction":[{"@type":"SearchAction","target":{"@type":"EntryPoint","urlTemplate":"http:\/\/www.hiperbaria-wichulec.pl\/?s={search_term_string}"},"query-input":{"@type":"PropertyValueSpecification","valueRequired":true,"valueName":"search_term_string"}}],"inLanguage":"pl-PL"}]}},"_links":{"self":[{"href":"https:\/\/www.hiperbaria-wichulec.pl\/index.php\/wp-json\/wp\/v2\/pages\/566","targetHints":{"allow":["GET"]}}],"collection":[{"href":"https:\/\/www.hiperbaria-wichulec.pl\/index.php\/wp-json\/wp\/v2\/pages"}],"about":[{"href":"https:\/\/www.hiperbaria-wichulec.pl\/index.php\/wp-json\/wp\/v2\/types\/page"}],"author":[{"embeddable":true,"href":"https:\/\/www.hiperbaria-wichulec.pl\/index.php\/wp-json\/wp\/v2\/users\/1"}],"replies":[{"embeddable":true,"href":"https:\/\/www.hiperbaria-wichulec.pl\/index.php\/wp-json\/wp\/v2\/comments?post=566"}],"version-history":[{"count":4,"href":"https:\/\/www.hiperbaria-wichulec.pl\/index.php\/wp-json\/wp\/v2\/pages\/566\/revisions"}],"predecessor-version":[{"id":570,"href":"https:\/\/www.hiperbaria-wichulec.pl\/index.php\/wp-json\/wp\/v2\/pages\/566\/revisions\/570"}],"wp:attachment":[{"href":"https:\/\/www.hiperbaria-wichulec.pl\/index.php\/wp-json\/wp\/v2\/media?parent=566"}],"curies":[{"name":"wp","href":"https:\/\/api.w.org\/{rel}","templated":true}]}}