{"id":590,"date":"2024-02-06T16:10:47","date_gmt":"2024-02-06T16:10:47","guid":{"rendered":"https:\/\/www.hiperbaria-wichulec.pl\/?page_id=590"},"modified":"2024-02-06T16:11:18","modified_gmt":"2024-02-06T16:11:18","slug":"dermatologia","status":"publish","type":"page","link":"https:\/\/www.hiperbaria-wichulec.pl\/index.php\/dermatologia\/","title":{"rendered":"Dermatologia"},"content":{"rendered":"\t\t<div data-elementor-type=\"wp-page\" data-elementor-id=\"590\" class=\"elementor elementor-590\">\n\t\t\t\t<div class=\"elementor-element elementor-element-9146493 e-con-full e-flex e-con e-parent\" data-id=\"9146493\" data-element_type=\"container\" data-e-type=\"container\" data-settings=\"{&quot;background_background&quot;:&quot;classic&quot;}\">\n\t\t<div class=\"elementor-element elementor-element-651d061 e-con-full e-flex e-con e-child\" data-id=\"651d061\" data-element_type=\"container\" data-e-type=\"container\">\n\t\t\t\t<div class=\"elementor-element elementor-element-4f7ba97 elementor-widget elementor-widget-heading\" data-id=\"4f7ba97\" data-element_type=\"widget\" data-e-type=\"widget\" data-widget_type=\"heading.default\">\n\t\t\t\t<div class=\"elementor-widget-container\">\n\t\t\t\t\t<h1 class=\"elementor-heading-title elementor-size-default\">Dermatologia<\/h1>\t\t\t\t<\/div>\n\t\t\t\t<\/div>\n\t\t\t\t<div class=\"elementor-element elementor-element-78d6662 elementor-widget elementor-widget-text-editor\" data-id=\"78d6662\" data-element_type=\"widget\" data-e-type=\"widget\" data-widget_type=\"text-editor.default\">\n\t\t\t\t<div class=\"elementor-widget-container\">\n\t\t\t\t\t\t\t\t\t<p>Zabiegi w komorze hiperbarycznej w leczeniu chor\u00f3b sk\u00f3ry polegaj\u0105 na zmniejszeniu stanu zapalnego, wzmocnieniu uk\u0142adu immunologicznego. Tlenoterapia oczyszcza organizm i przyspiesza wydalanie toksyn. HBOT dzia\u0142a na organizm bakteriob\u00f3jczo, wirusob\u00f3jczo, grzybob\u00f3jczo, \u0142agodzi \u015bwi\u0105d, redukuje zaczerwienienia oraz przyspiesza leczenie owrzodze\u0144 sk\u00f3ry. Zabiegi w komorze hiperbarycznej powoduj\u0105 szybsz\u0105 regeneracj\u0119 tkanek oraz usprawniaj\u0105 proces gojenia si\u0119 ran oraz blizn. (HBOT) to przede wszystkim 8 krotny wzrost kom\u00f3rek macierzystych, kt\u00f3re odpowiadaj\u0105 za odbudow\u0119 i regeneracj\u0119 ca\u0142ego organizmu.<\/p>\t\t\t\t\t\t\t\t<\/div>\n\t\t\t\t<\/div>\n\t\t\t\t<\/div>\n\t\t<div class=\"elementor-element elementor-element-0f7ba62 e-con-full e-flex e-con e-child\" data-id=\"0f7ba62\" data-element_type=\"container\" data-e-type=\"container\">\n\t\t\t\t<div class=\"elementor-element elementor-element-c4e5d35 elementor-widget elementor-widget-image\" data-id=\"c4e5d35\" data-element_type=\"widget\" data-e-type=\"widget\" data-widget_type=\"image.default\">\n\t\t\t\t<div class=\"elementor-widget-container\">\n\t\t\t\t\t\t\t\t\t\t\t\t\t\t\t<img fetchpriority=\"high\" decoding=\"async\" width=\"800\" height=\"800\" src=\"http:\/\/www.hiperbaria-wichulec.pl\/wp-content\/uploads\/2024\/02\/13-1.jpg\" class=\"attachment-large size-large wp-image-586\" alt=\"\" srcset=\"http:\/\/www.hiperbaria-wichulec.pl\/wp-content\/uploads\/2024\/02\/13-1.jpg 958w, http:\/\/www.hiperbaria-wichulec.pl\/wp-content\/uploads\/2024\/02\/13-1-300x300.jpg 300w, http:\/\/www.hiperbaria-wichulec.pl\/wp-content\/uploads\/2024\/02\/13-1-150x150.jpg 150w, http:\/\/www.hiperbaria-wichulec.pl\/wp-content\/uploads\/2024\/02\/13-1-768x768.jpg 768w, http:\/\/www.hiperbaria-wichulec.pl\/wp-content\/uploads\/2024\/02\/13-1-500x500.jpg 500w, http:\/\/www.hiperbaria-wichulec.pl\/wp-content\/uploads\/2024\/02\/13-1-800x800.jpg 800w\" sizes=\"(max-width: 800px) 100vw, 800px\" \/>\t\t\t\t\t\t\t\t\t\t\t\t\t\t\t<\/div>\n\t\t\t\t<\/div>\n\t\t\t\t<\/div>\n\t\t\t\t<\/div>\n\t\t\t\t<\/div>\n\t\t","protected":false},"excerpt":{"rendered":"<p>Dermatologia Zabiegi w komorze hiperbarycznej w leczeniu chor\u00f3b sk\u00f3ry polegaj\u0105 na zmniejszeniu stanu zapalnego, wzmocnieniu uk\u0142adu immunologicznego. Tlenoterapia oczyszcza organizm i przyspiesza wydalanie toksyn. HBOT dzia\u0142a na organizm bakteriob\u00f3jczo, wirusob\u00f3jczo, grzybob\u00f3jczo, \u0142agodzi \u015bwi\u0105d, redukuje zaczerwienienia oraz przyspiesza leczenie owrzodze\u0144 sk\u00f3ry. Zabiegi w komorze hiperbarycznej powoduj\u0105 szybsz\u0105 regeneracj\u0119 tkanek oraz usprawniaj\u0105 proces gojenia si\u0119 ran oraz [&hellip;]<\/p>\n","protected":false},"author":1,"featured_media":0,"parent":0,"menu_order":0,"comment_status":"closed","ping_status":"closed","template":"","meta":{"_vp_format_video_url":"","_vp_image_focal_point":[],"footnotes":""},"class_list":["post-590","page","type-page","status-publish","hentry"],"yoast_head":"<!-- This site is optimized with the Yoast SEO plugin v27.4 - https:\/\/yoast.com\/product\/yoast-seo-wordpress\/ -->\n<title>Dermatologia - Komora Hiperbaryczna | +48 660 633 404 - Brodnica | Wichulec | Toru\u0144 | Bydgoszcz - | Tlen medyczny<\/title>\n<meta name=\"robots\" content=\"index, follow, max-snippet:-1, max-image-preview:large, max-video-preview:-1\" \/>\n<link rel=\"canonical\" href=\"https:\/\/www.hiperbaria-wichulec.pl\/index.php\/dermatologia\/\" \/>\n<meta property=\"og:locale\" content=\"pl_PL\" \/>\n<meta property=\"og:type\" content=\"article\" \/>\n<meta property=\"og:title\" content=\"Dermatologia - Komora Hiperbaryczna | +48 660 633 404 - Brodnica | Wichulec | Toru\u0144 | Bydgoszcz - | Tlen medyczny\" \/>\n<meta property=\"og:description\" content=\"Dermatologia Zabiegi w komorze hiperbarycznej w leczeniu chor\u00f3b sk\u00f3ry polegaj\u0105 na zmniejszeniu stanu zapalnego, wzmocnieniu uk\u0142adu immunologicznego. Tlenoterapia oczyszcza organizm i przyspiesza wydalanie toksyn. HBOT dzia\u0142a na organizm bakteriob\u00f3jczo, wirusob\u00f3jczo, grzybob\u00f3jczo, \u0142agodzi \u015bwi\u0105d, redukuje zaczerwienienia oraz przyspiesza leczenie owrzodze\u0144 sk\u00f3ry. Zabiegi w komorze hiperbarycznej powoduj\u0105 szybsz\u0105 regeneracj\u0119 tkanek oraz usprawniaj\u0105 proces gojenia si\u0119 ran oraz [&hellip;]\" \/>\n<meta property=\"og:url\" content=\"https:\/\/www.hiperbaria-wichulec.pl\/index.php\/dermatologia\/\" \/>\n<meta property=\"og:site_name\" content=\"Komora Hiperbaryczna | +48 660 633 404 - Brodnica | Wichulec | Toru\u0144 | Bydgoszcz - | Tlen medyczny\" \/>\n<meta property=\"article:modified_time\" content=\"2024-02-06T16:11:18+00:00\" \/>\n<meta property=\"og:image\" content=\"http:\/\/www.hiperbaria-wichulec.pl\/wp-content\/uploads\/2024\/02\/13-1.jpg\" \/>\n<meta name=\"twitter:card\" content=\"summary_large_image\" \/>\n<meta name=\"twitter:label1\" content=\"Szacowany czas czytania\" \/>\n\t<meta name=\"twitter:data1\" content=\"1 minuta\" \/>\n<script type=\"application\/ld+json\" class=\"yoast-schema-graph\">{\"@context\":\"https:\\\/\\\/schema.org\",\"@graph\":[{\"@type\":\"WebPage\",\"@id\":\"https:\\\/\\\/www.hiperbaria-wichulec.pl\\\/index.php\\\/dermatologia\\\/\",\"url\":\"https:\\\/\\\/www.hiperbaria-wichulec.pl\\\/index.php\\\/dermatologia\\\/\",\"name\":\"Dermatologia - Komora Hiperbaryczna | +48 660 633 404 - Brodnica | Wichulec | Toru\u0144 | Bydgoszcz - | Tlen medyczny\",\"isPartOf\":{\"@id\":\"http:\\\/\\\/www.hiperbaria-wichulec.pl\\\/#website\"},\"primaryImageOfPage\":{\"@id\":\"https:\\\/\\\/www.hiperbaria-wichulec.pl\\\/index.php\\\/dermatologia\\\/#primaryimage\"},\"image\":{\"@id\":\"https:\\\/\\\/www.hiperbaria-wichulec.pl\\\/index.php\\\/dermatologia\\\/#primaryimage\"},\"thumbnailUrl\":\"http:\\\/\\\/www.hiperbaria-wichulec.pl\\\/wp-content\\\/uploads\\\/2024\\\/02\\\/13-1.jpg\",\"datePublished\":\"2024-02-06T16:10:47+00:00\",\"dateModified\":\"2024-02-06T16:11:18+00:00\",\"breadcrumb\":{\"@id\":\"https:\\\/\\\/www.hiperbaria-wichulec.pl\\\/index.php\\\/dermatologia\\\/#breadcrumb\"},\"inLanguage\":\"pl-PL\",\"potentialAction\":[{\"@type\":\"ReadAction\",\"target\":[\"https:\\\/\\\/www.hiperbaria-wichulec.pl\\\/index.php\\\/dermatologia\\\/\"]}]},{\"@type\":\"ImageObject\",\"inLanguage\":\"pl-PL\",\"@id\":\"https:\\\/\\\/www.hiperbaria-wichulec.pl\\\/index.php\\\/dermatologia\\\/#primaryimage\",\"url\":\"https:\\\/\\\/www.hiperbaria-wichulec.pl\\\/wp-content\\\/uploads\\\/2024\\\/02\\\/13-1.jpg\",\"contentUrl\":\"https:\\\/\\\/www.hiperbaria-wichulec.pl\\\/wp-content\\\/uploads\\\/2024\\\/02\\\/13-1.jpg\",\"width\":958,\"height\":958},{\"@type\":\"BreadcrumbList\",\"@id\":\"https:\\\/\\\/www.hiperbaria-wichulec.pl\\\/index.php\\\/dermatologia\\\/#breadcrumb\",\"itemListElement\":[{\"@type\":\"ListItem\",\"position\":1,\"name\":\"Strona g\u0142\u00f3wna\",\"item\":\"https:\\\/\\\/www.hiperbaria-wichulec.pl\\\/\"},{\"@type\":\"ListItem\",\"position\":2,\"name\":\"Dermatologia\"}]},{\"@type\":\"WebSite\",\"@id\":\"http:\\\/\\\/www.hiperbaria-wichulec.pl\\\/#website\",\"url\":\"http:\\\/\\\/www.hiperbaria-wichulec.pl\\\/\",\"name\":\"Komora Hiperbaryczna | +48 660 633 404 - Brodnica | Wichulec | Toru\u0144 | Bydgoszcz - | Tlen medyczny\",\"description\":\"Komora Hiperbaryczna | +48 660 633 404 - Brodnica | Wichulec | Toru\u0144 | Bydgoszcz - | Tlen medyczny\",\"potentialAction\":[{\"@type\":\"SearchAction\",\"target\":{\"@type\":\"EntryPoint\",\"urlTemplate\":\"http:\\\/\\\/www.hiperbaria-wichulec.pl\\\/?s={search_term_string}\"},\"query-input\":{\"@type\":\"PropertyValueSpecification\",\"valueRequired\":true,\"valueName\":\"search_term_string\"}}],\"inLanguage\":\"pl-PL\"}]}<\/script>\n<!-- \/ Yoast SEO plugin. -->","yoast_head_json":{"title":"Dermatologia - Komora Hiperbaryczna | +48 660 633 404 - Brodnica | Wichulec | Toru\u0144 | Bydgoszcz - | Tlen medyczny","robots":{"index":"index","follow":"follow","max-snippet":"max-snippet:-1","max-image-preview":"max-image-preview:large","max-video-preview":"max-video-preview:-1"},"canonical":"https:\/\/www.hiperbaria-wichulec.pl\/index.php\/dermatologia\/","og_locale":"pl_PL","og_type":"article","og_title":"Dermatologia - Komora Hiperbaryczna | +48 660 633 404 - Brodnica | Wichulec | Toru\u0144 | Bydgoszcz - | Tlen medyczny","og_description":"Dermatologia Zabiegi w komorze hiperbarycznej w leczeniu chor\u00f3b sk\u00f3ry polegaj\u0105 na zmniejszeniu stanu zapalnego, wzmocnieniu uk\u0142adu immunologicznego. Tlenoterapia oczyszcza organizm i przyspiesza wydalanie toksyn. HBOT dzia\u0142a na organizm bakteriob\u00f3jczo, wirusob\u00f3jczo, grzybob\u00f3jczo, \u0142agodzi \u015bwi\u0105d, redukuje zaczerwienienia oraz przyspiesza leczenie owrzodze\u0144 sk\u00f3ry. Zabiegi w komorze hiperbarycznej powoduj\u0105 szybsz\u0105 regeneracj\u0119 tkanek oraz usprawniaj\u0105 proces gojenia si\u0119 ran oraz [&hellip;]","og_url":"https:\/\/www.hiperbaria-wichulec.pl\/index.php\/dermatologia\/","og_site_name":"Komora Hiperbaryczna | +48 660 633 404 - Brodnica | Wichulec | Toru\u0144 | Bydgoszcz - | Tlen medyczny","article_modified_time":"2024-02-06T16:11:18+00:00","og_image":[{"url":"http:\/\/www.hiperbaria-wichulec.pl\/wp-content\/uploads\/2024\/02\/13-1.jpg","type":"","width":"","height":""}],"twitter_card":"summary_large_image","twitter_misc":{"Szacowany czas czytania":"1 minuta"},"schema":{"@context":"https:\/\/schema.org","@graph":[{"@type":"WebPage","@id":"https:\/\/www.hiperbaria-wichulec.pl\/index.php\/dermatologia\/","url":"https:\/\/www.hiperbaria-wichulec.pl\/index.php\/dermatologia\/","name":"Dermatologia - Komora Hiperbaryczna | +48 660 633 404 - Brodnica | Wichulec | Toru\u0144 | Bydgoszcz - | Tlen medyczny","isPartOf":{"@id":"http:\/\/www.hiperbaria-wichulec.pl\/#website"},"primaryImageOfPage":{"@id":"https:\/\/www.hiperbaria-wichulec.pl\/index.php\/dermatologia\/#primaryimage"},"image":{"@id":"https:\/\/www.hiperbaria-wichulec.pl\/index.php\/dermatologia\/#primaryimage"},"thumbnailUrl":"http:\/\/www.hiperbaria-wichulec.pl\/wp-content\/uploads\/2024\/02\/13-1.jpg","datePublished":"2024-02-06T16:10:47+00:00","dateModified":"2024-02-06T16:11:18+00:00","breadcrumb":{"@id":"https:\/\/www.hiperbaria-wichulec.pl\/index.php\/dermatologia\/#breadcrumb"},"inLanguage":"pl-PL","potentialAction":[{"@type":"ReadAction","target":["https:\/\/www.hiperbaria-wichulec.pl\/index.php\/dermatologia\/"]}]},{"@type":"ImageObject","inLanguage":"pl-PL","@id":"https:\/\/www.hiperbaria-wichulec.pl\/index.php\/dermatologia\/#primaryimage","url":"https:\/\/www.hiperbaria-wichulec.pl\/wp-content\/uploads\/2024\/02\/13-1.jpg","contentUrl":"https:\/\/www.hiperbaria-wichulec.pl\/wp-content\/uploads\/2024\/02\/13-1.jpg","width":958,"height":958},{"@type":"BreadcrumbList","@id":"https:\/\/www.hiperbaria-wichulec.pl\/index.php\/dermatologia\/#breadcrumb","itemListElement":[{"@type":"ListItem","position":1,"name":"Strona g\u0142\u00f3wna","item":"https:\/\/www.hiperbaria-wichulec.pl\/"},{"@type":"ListItem","position":2,"name":"Dermatologia"}]},{"@type":"WebSite","@id":"http:\/\/www.hiperbaria-wichulec.pl\/#website","url":"http:\/\/www.hiperbaria-wichulec.pl\/","name":"Komora Hiperbaryczna | +48 660 633 404 - Brodnica | Wichulec | Toru\u0144 | Bydgoszcz - | Tlen medyczny","description":"Komora Hiperbaryczna | +48 660 633 404 - Brodnica | Wichulec | Toru\u0144 | Bydgoszcz - | Tlen medyczny","potentialAction":[{"@type":"SearchAction","target":{"@type":"EntryPoint","urlTemplate":"http:\/\/www.hiperbaria-wichulec.pl\/?s={search_term_string}"},"query-input":{"@type":"PropertyValueSpecification","valueRequired":true,"valueName":"search_term_string"}}],"inLanguage":"pl-PL"}]}},"_links":{"self":[{"href":"https:\/\/www.hiperbaria-wichulec.pl\/index.php\/wp-json\/wp\/v2\/pages\/590","targetHints":{"allow":["GET"]}}],"collection":[{"href":"https:\/\/www.hiperbaria-wichulec.pl\/index.php\/wp-json\/wp\/v2\/pages"}],"about":[{"href":"https:\/\/www.hiperbaria-wichulec.pl\/index.php\/wp-json\/wp\/v2\/types\/page"}],"author":[{"embeddable":true,"href":"https:\/\/www.hiperbaria-wichulec.pl\/index.php\/wp-json\/wp\/v2\/users\/1"}],"replies":[{"embeddable":true,"href":"https:\/\/www.hiperbaria-wichulec.pl\/index.php\/wp-json\/wp\/v2\/comments?post=590"}],"version-history":[{"count":4,"href":"https:\/\/www.hiperbaria-wichulec.pl\/index.php\/wp-json\/wp\/v2\/pages\/590\/revisions"}],"predecessor-version":[{"id":594,"href":"https:\/\/www.hiperbaria-wichulec.pl\/index.php\/wp-json\/wp\/v2\/pages\/590\/revisions\/594"}],"wp:attachment":[{"href":"https:\/\/www.hiperbaria-wichulec.pl\/index.php\/wp-json\/wp\/v2\/media?parent=590"}],"curies":[{"name":"wp","href":"https:\/\/api.w.org\/{rel}","templated":true}]}}