{"id":629,"date":"2024-02-06T16:20:44","date_gmt":"2024-02-06T16:20:44","guid":{"rendered":"https:\/\/www.hiperbaria-wichulec.pl\/?page_id=629"},"modified":"2024-02-06T16:21:29","modified_gmt":"2024-02-06T16:21:29","slug":"stopa-cukrzycowa-trudno-gojace-sie-rany","status":"publish","type":"page","link":"https:\/\/www.hiperbaria-wichulec.pl\/index.php\/stopa-cukrzycowa-trudno-gojace-sie-rany\/","title":{"rendered":"Stopa cukrzycowa \/ Trudno goj\u0105ce si\u0119 rany"},"content":{"rendered":"\t\t<div data-elementor-type=\"wp-page\" data-elementor-id=\"629\" class=\"elementor elementor-629\">\n\t\t\t\t<div class=\"elementor-element elementor-element-9146493 e-con-full e-flex e-con e-parent\" data-id=\"9146493\" data-element_type=\"container\" data-e-type=\"container\" data-settings=\"{&quot;background_background&quot;:&quot;classic&quot;}\">\n\t\t<div class=\"elementor-element elementor-element-651d061 e-con-full e-flex e-con e-child\" data-id=\"651d061\" data-element_type=\"container\" data-e-type=\"container\">\n\t\t\t\t<div class=\"elementor-element elementor-element-4f7ba97 elementor-widget elementor-widget-heading\" data-id=\"4f7ba97\" data-element_type=\"widget\" data-e-type=\"widget\" data-widget_type=\"heading.default\">\n\t\t\t\t<div class=\"elementor-widget-container\">\n\t\t\t\t\t<h1 class=\"elementor-heading-title elementor-size-default\">Stopa cukrzycowa \/ Trudno goj\u0105ce si\u0119 rany<\/h1>\t\t\t\t<\/div>\n\t\t\t\t<\/div>\n\t\t\t\t<div class=\"elementor-element elementor-element-78d6662 elementor-widget elementor-widget-text-editor\" data-id=\"78d6662\" data-element_type=\"widget\" data-e-type=\"widget\" data-widget_type=\"text-editor.default\">\n\t\t\t\t<div class=\"elementor-widget-container\">\n\t\t\t\t\t\t\t\t\t<p>Dzia\u0142anie zabieg\u00f3w w komorze hiperbarycznej w przypadku stopy cukrzycowej i trudno goj\u0105cych si\u0119 ran polega na zahamowaniu namna\u017cania si\u0119 bakterii, zwi\u0119kszeniu produkcji naczy\u0144 krwiono\u015bnych oraz wzmocnieniu uk\u0142adu immunologicznego. Zabiegi w medycznej komorze hiperbarycznej na stop\u0119 cukrzycow\u0105\/trudno goj\u0105ce si\u0119 rany dzia\u0142aj\u0105 bakteriob\u00f3jczo, przeciwzapalnie, aktywuj\u0105 tworzenie si\u0119 w\u0142osowatych naczy\u0144 krwiono\u015bnych, zwi\u0119kszaj\u0105 produkcj\u0119 kom\u00f3rek macierzystych i erytrocyt\u00f3w, zmniejszaj\u0105 obrz\u0119ki. Zwi\u0119ksza si\u0119 r\u00f3wnie\u017c aktywno\u015b\u0107 kom\u00f3rek ko\u015bciotw\u00f3rczych oraz nast\u0119puje regeneracja nab\u0142onka oraz zwi\u0119kszenie produkcji kolagenu.<\/p>\t\t\t\t\t\t\t\t<\/div>\n\t\t\t\t<\/div>\n\t\t\t\t<\/div>\n\t\t<div class=\"elementor-element elementor-element-0f7ba62 e-con-full e-flex e-con e-child\" data-id=\"0f7ba62\" data-element_type=\"container\" data-e-type=\"container\">\n\t\t\t\t<div class=\"elementor-element elementor-element-c4e5d35 elementor-widget elementor-widget-image\" data-id=\"c4e5d35\" data-element_type=\"widget\" data-e-type=\"widget\" data-widget_type=\"image.default\">\n\t\t\t\t<div class=\"elementor-widget-container\">\n\t\t\t\t\t\t\t\t\t\t\t\t\t\t\t<img fetchpriority=\"high\" decoding=\"async\" width=\"800\" height=\"800\" src=\"https:\/\/www.hiperbaria-wichulec.pl\/wp-content\/uploads\/2024\/02\/03-1024x1024.jpg\" class=\"attachment-large size-large wp-image-625\" alt=\"\" srcset=\"https:\/\/www.hiperbaria-wichulec.pl\/wp-content\/uploads\/2024\/02\/03-1024x1024.jpg 1024w, https:\/\/www.hiperbaria-wichulec.pl\/wp-content\/uploads\/2024\/02\/03-300x300.jpg 300w, https:\/\/www.hiperbaria-wichulec.pl\/wp-content\/uploads\/2024\/02\/03-150x150.jpg 150w, https:\/\/www.hiperbaria-wichulec.pl\/wp-content\/uploads\/2024\/02\/03-768x768.jpg 768w, https:\/\/www.hiperbaria-wichulec.pl\/wp-content\/uploads\/2024\/02\/03-500x500.jpg 500w, https:\/\/www.hiperbaria-wichulec.pl\/wp-content\/uploads\/2024\/02\/03-800x800.jpg 800w, https:\/\/www.hiperbaria-wichulec.pl\/wp-content\/uploads\/2024\/02\/03.jpg 1200w\" sizes=\"(max-width: 800px) 100vw, 800px\" \/>\t\t\t\t\t\t\t\t\t\t\t\t\t\t\t<\/div>\n\t\t\t\t<\/div>\n\t\t\t\t<\/div>\n\t\t\t\t<\/div>\n\t\t\t\t<\/div>\n\t\t","protected":false},"excerpt":{"rendered":"<p>Stopa cukrzycowa \/ Trudno goj\u0105ce si\u0119 rany Dzia\u0142anie zabieg\u00f3w w komorze hiperbarycznej w przypadku stopy cukrzycowej i trudno goj\u0105cych si\u0119 ran polega na zahamowaniu namna\u017cania si\u0119 bakterii, zwi\u0119kszeniu produkcji naczy\u0144 krwiono\u015bnych oraz wzmocnieniu uk\u0142adu immunologicznego. Zabiegi w medycznej komorze hiperbarycznej na stop\u0119 cukrzycow\u0105\/trudno goj\u0105ce si\u0119 rany dzia\u0142aj\u0105 bakteriob\u00f3jczo, przeciwzapalnie, aktywuj\u0105 tworzenie si\u0119 w\u0142osowatych naczy\u0144 krwiono\u015bnych, [&hellip;]<\/p>\n","protected":false},"author":1,"featured_media":0,"parent":0,"menu_order":0,"comment_status":"closed","ping_status":"closed","template":"","meta":{"_vp_format_video_url":"","_vp_image_focal_point":[],"footnotes":""},"class_list":["post-629","page","type-page","status-publish","hentry"],"yoast_head":"<!-- This site is optimized with the Yoast SEO plugin v27.4 - https:\/\/yoast.com\/product\/yoast-seo-wordpress\/ -->\n<title>Stopa cukrzycowa \/ Trudno goj\u0105ce si\u0119 rany - Komora Hiperbaryczna | +48 660 633 404 - Brodnica | Wichulec | Toru\u0144 | Bydgoszcz - | Tlen medyczny<\/title>\n<meta name=\"robots\" content=\"index, follow, max-snippet:-1, max-image-preview:large, max-video-preview:-1\" \/>\n<link rel=\"canonical\" href=\"https:\/\/www.hiperbaria-wichulec.pl\/index.php\/stopa-cukrzycowa-trudno-gojace-sie-rany\/\" \/>\n<meta property=\"og:locale\" content=\"pl_PL\" \/>\n<meta property=\"og:type\" content=\"article\" \/>\n<meta property=\"og:title\" content=\"Stopa cukrzycowa \/ Trudno goj\u0105ce si\u0119 rany - Komora Hiperbaryczna | +48 660 633 404 - Brodnica | Wichulec | Toru\u0144 | Bydgoszcz - | Tlen medyczny\" \/>\n<meta property=\"og:description\" content=\"Stopa cukrzycowa \/ Trudno goj\u0105ce si\u0119 rany Dzia\u0142anie zabieg\u00f3w w komorze hiperbarycznej w przypadku stopy cukrzycowej i trudno goj\u0105cych si\u0119 ran polega na zahamowaniu namna\u017cania si\u0119 bakterii, zwi\u0119kszeniu produkcji naczy\u0144 krwiono\u015bnych oraz wzmocnieniu uk\u0142adu immunologicznego. Zabiegi w medycznej komorze hiperbarycznej na stop\u0119 cukrzycow\u0105\/trudno goj\u0105ce si\u0119 rany dzia\u0142aj\u0105 bakteriob\u00f3jczo, przeciwzapalnie, aktywuj\u0105 tworzenie si\u0119 w\u0142osowatych naczy\u0144 krwiono\u015bnych, [&hellip;]\" \/>\n<meta property=\"og:url\" content=\"https:\/\/www.hiperbaria-wichulec.pl\/index.php\/stopa-cukrzycowa-trudno-gojace-sie-rany\/\" \/>\n<meta property=\"og:site_name\" content=\"Komora Hiperbaryczna | +48 660 633 404 - Brodnica | Wichulec | Toru\u0144 | Bydgoszcz - | Tlen medyczny\" \/>\n<meta property=\"article:modified_time\" content=\"2024-02-06T16:21:29+00:00\" \/>\n<meta property=\"og:image\" content=\"http:\/\/www.hiperbaria-wichulec.pl\/wp-content\/uploads\/2024\/02\/03-1024x1024.jpg\" \/>\n<meta name=\"twitter:card\" content=\"summary_large_image\" \/>\n<meta name=\"twitter:label1\" content=\"Szacowany czas czytania\" \/>\n\t<meta name=\"twitter:data1\" content=\"1 minuta\" \/>\n<script type=\"application\/ld+json\" class=\"yoast-schema-graph\">{\"@context\":\"https:\\\/\\\/schema.org\",\"@graph\":[{\"@type\":\"WebPage\",\"@id\":\"https:\\\/\\\/www.hiperbaria-wichulec.pl\\\/index.php\\\/stopa-cukrzycowa-trudno-gojace-sie-rany\\\/\",\"url\":\"https:\\\/\\\/www.hiperbaria-wichulec.pl\\\/index.php\\\/stopa-cukrzycowa-trudno-gojace-sie-rany\\\/\",\"name\":\"Stopa cukrzycowa \\\/ Trudno goj\u0105ce si\u0119 rany - Komora Hiperbaryczna | +48 660 633 404 - Brodnica | Wichulec | Toru\u0144 | Bydgoszcz - | Tlen medyczny\",\"isPartOf\":{\"@id\":\"http:\\\/\\\/www.hiperbaria-wichulec.pl\\\/#website\"},\"primaryImageOfPage\":{\"@id\":\"https:\\\/\\\/www.hiperbaria-wichulec.pl\\\/index.php\\\/stopa-cukrzycowa-trudno-gojace-sie-rany\\\/#primaryimage\"},\"image\":{\"@id\":\"https:\\\/\\\/www.hiperbaria-wichulec.pl\\\/index.php\\\/stopa-cukrzycowa-trudno-gojace-sie-rany\\\/#primaryimage\"},\"thumbnailUrl\":\"http:\\\/\\\/www.hiperbaria-wichulec.pl\\\/wp-content\\\/uploads\\\/2024\\\/02\\\/03-1024x1024.jpg\",\"datePublished\":\"2024-02-06T16:20:44+00:00\",\"dateModified\":\"2024-02-06T16:21:29+00:00\",\"breadcrumb\":{\"@id\":\"https:\\\/\\\/www.hiperbaria-wichulec.pl\\\/index.php\\\/stopa-cukrzycowa-trudno-gojace-sie-rany\\\/#breadcrumb\"},\"inLanguage\":\"pl-PL\",\"potentialAction\":[{\"@type\":\"ReadAction\",\"target\":[\"https:\\\/\\\/www.hiperbaria-wichulec.pl\\\/index.php\\\/stopa-cukrzycowa-trudno-gojace-sie-rany\\\/\"]}]},{\"@type\":\"ImageObject\",\"inLanguage\":\"pl-PL\",\"@id\":\"https:\\\/\\\/www.hiperbaria-wichulec.pl\\\/index.php\\\/stopa-cukrzycowa-trudno-gojace-sie-rany\\\/#primaryimage\",\"url\":\"https:\\\/\\\/www.hiperbaria-wichulec.pl\\\/wp-content\\\/uploads\\\/2024\\\/02\\\/03.jpg\",\"contentUrl\":\"https:\\\/\\\/www.hiperbaria-wichulec.pl\\\/wp-content\\\/uploads\\\/2024\\\/02\\\/03.jpg\",\"width\":1200,\"height\":1200},{\"@type\":\"BreadcrumbList\",\"@id\":\"https:\\\/\\\/www.hiperbaria-wichulec.pl\\\/index.php\\\/stopa-cukrzycowa-trudno-gojace-sie-rany\\\/#breadcrumb\",\"itemListElement\":[{\"@type\":\"ListItem\",\"position\":1,\"name\":\"Strona g\u0142\u00f3wna\",\"item\":\"https:\\\/\\\/www.hiperbaria-wichulec.pl\\\/\"},{\"@type\":\"ListItem\",\"position\":2,\"name\":\"Stopa cukrzycowa \\\/ Trudno goj\u0105ce si\u0119 rany\"}]},{\"@type\":\"WebSite\",\"@id\":\"http:\\\/\\\/www.hiperbaria-wichulec.pl\\\/#website\",\"url\":\"http:\\\/\\\/www.hiperbaria-wichulec.pl\\\/\",\"name\":\"Komora Hiperbaryczna | +48 660 633 404 - Brodnica | Wichulec | Toru\u0144 | Bydgoszcz - | Tlen medyczny\",\"description\":\"Komora Hiperbaryczna | +48 660 633 404 - Brodnica | Wichulec | Toru\u0144 | Bydgoszcz - | Tlen medyczny\",\"potentialAction\":[{\"@type\":\"SearchAction\",\"target\":{\"@type\":\"EntryPoint\",\"urlTemplate\":\"http:\\\/\\\/www.hiperbaria-wichulec.pl\\\/?s={search_term_string}\"},\"query-input\":{\"@type\":\"PropertyValueSpecification\",\"valueRequired\":true,\"valueName\":\"search_term_string\"}}],\"inLanguage\":\"pl-PL\"}]}<\/script>\n<!-- \/ Yoast SEO plugin. -->","yoast_head_json":{"title":"Stopa cukrzycowa \/ Trudno goj\u0105ce si\u0119 rany - Komora Hiperbaryczna | +48 660 633 404 - Brodnica | Wichulec | Toru\u0144 | Bydgoszcz - | Tlen medyczny","robots":{"index":"index","follow":"follow","max-snippet":"max-snippet:-1","max-image-preview":"max-image-preview:large","max-video-preview":"max-video-preview:-1"},"canonical":"https:\/\/www.hiperbaria-wichulec.pl\/index.php\/stopa-cukrzycowa-trudno-gojace-sie-rany\/","og_locale":"pl_PL","og_type":"article","og_title":"Stopa cukrzycowa \/ Trudno goj\u0105ce si\u0119 rany - Komora Hiperbaryczna | +48 660 633 404 - Brodnica | Wichulec | Toru\u0144 | Bydgoszcz - | Tlen medyczny","og_description":"Stopa cukrzycowa \/ Trudno goj\u0105ce si\u0119 rany Dzia\u0142anie zabieg\u00f3w w komorze hiperbarycznej w przypadku stopy cukrzycowej i trudno goj\u0105cych si\u0119 ran polega na zahamowaniu namna\u017cania si\u0119 bakterii, zwi\u0119kszeniu produkcji naczy\u0144 krwiono\u015bnych oraz wzmocnieniu uk\u0142adu immunologicznego. Zabiegi w medycznej komorze hiperbarycznej na stop\u0119 cukrzycow\u0105\/trudno goj\u0105ce si\u0119 rany dzia\u0142aj\u0105 bakteriob\u00f3jczo, przeciwzapalnie, aktywuj\u0105 tworzenie si\u0119 w\u0142osowatych naczy\u0144 krwiono\u015bnych, [&hellip;]","og_url":"https:\/\/www.hiperbaria-wichulec.pl\/index.php\/stopa-cukrzycowa-trudno-gojace-sie-rany\/","og_site_name":"Komora Hiperbaryczna | +48 660 633 404 - Brodnica | Wichulec | Toru\u0144 | Bydgoszcz - | Tlen medyczny","article_modified_time":"2024-02-06T16:21:29+00:00","og_image":[{"url":"http:\/\/www.hiperbaria-wichulec.pl\/wp-content\/uploads\/2024\/02\/03-1024x1024.jpg","type":"","width":"","height":""}],"twitter_card":"summary_large_image","twitter_misc":{"Szacowany czas czytania":"1 minuta"},"schema":{"@context":"https:\/\/schema.org","@graph":[{"@type":"WebPage","@id":"https:\/\/www.hiperbaria-wichulec.pl\/index.php\/stopa-cukrzycowa-trudno-gojace-sie-rany\/","url":"https:\/\/www.hiperbaria-wichulec.pl\/index.php\/stopa-cukrzycowa-trudno-gojace-sie-rany\/","name":"Stopa cukrzycowa \/ Trudno goj\u0105ce si\u0119 rany - Komora Hiperbaryczna | +48 660 633 404 - Brodnica | Wichulec | Toru\u0144 | Bydgoszcz - | Tlen medyczny","isPartOf":{"@id":"http:\/\/www.hiperbaria-wichulec.pl\/#website"},"primaryImageOfPage":{"@id":"https:\/\/www.hiperbaria-wichulec.pl\/index.php\/stopa-cukrzycowa-trudno-gojace-sie-rany\/#primaryimage"},"image":{"@id":"https:\/\/www.hiperbaria-wichulec.pl\/index.php\/stopa-cukrzycowa-trudno-gojace-sie-rany\/#primaryimage"},"thumbnailUrl":"http:\/\/www.hiperbaria-wichulec.pl\/wp-content\/uploads\/2024\/02\/03-1024x1024.jpg","datePublished":"2024-02-06T16:20:44+00:00","dateModified":"2024-02-06T16:21:29+00:00","breadcrumb":{"@id":"https:\/\/www.hiperbaria-wichulec.pl\/index.php\/stopa-cukrzycowa-trudno-gojace-sie-rany\/#breadcrumb"},"inLanguage":"pl-PL","potentialAction":[{"@type":"ReadAction","target":["https:\/\/www.hiperbaria-wichulec.pl\/index.php\/stopa-cukrzycowa-trudno-gojace-sie-rany\/"]}]},{"@type":"ImageObject","inLanguage":"pl-PL","@id":"https:\/\/www.hiperbaria-wichulec.pl\/index.php\/stopa-cukrzycowa-trudno-gojace-sie-rany\/#primaryimage","url":"https:\/\/www.hiperbaria-wichulec.pl\/wp-content\/uploads\/2024\/02\/03.jpg","contentUrl":"https:\/\/www.hiperbaria-wichulec.pl\/wp-content\/uploads\/2024\/02\/03.jpg","width":1200,"height":1200},{"@type":"BreadcrumbList","@id":"https:\/\/www.hiperbaria-wichulec.pl\/index.php\/stopa-cukrzycowa-trudno-gojace-sie-rany\/#breadcrumb","itemListElement":[{"@type":"ListItem","position":1,"name":"Strona g\u0142\u00f3wna","item":"https:\/\/www.hiperbaria-wichulec.pl\/"},{"@type":"ListItem","position":2,"name":"Stopa cukrzycowa \/ Trudno goj\u0105ce si\u0119 rany"}]},{"@type":"WebSite","@id":"http:\/\/www.hiperbaria-wichulec.pl\/#website","url":"http:\/\/www.hiperbaria-wichulec.pl\/","name":"Komora Hiperbaryczna | +48 660 633 404 - Brodnica | Wichulec | Toru\u0144 | Bydgoszcz - | Tlen medyczny","description":"Komora Hiperbaryczna | +48 660 633 404 - Brodnica | Wichulec | Toru\u0144 | Bydgoszcz - | Tlen medyczny","potentialAction":[{"@type":"SearchAction","target":{"@type":"EntryPoint","urlTemplate":"http:\/\/www.hiperbaria-wichulec.pl\/?s={search_term_string}"},"query-input":{"@type":"PropertyValueSpecification","valueRequired":true,"valueName":"search_term_string"}}],"inLanguage":"pl-PL"}]}},"_links":{"self":[{"href":"https:\/\/www.hiperbaria-wichulec.pl\/index.php\/wp-json\/wp\/v2\/pages\/629","targetHints":{"allow":["GET"]}}],"collection":[{"href":"https:\/\/www.hiperbaria-wichulec.pl\/index.php\/wp-json\/wp\/v2\/pages"}],"about":[{"href":"https:\/\/www.hiperbaria-wichulec.pl\/index.php\/wp-json\/wp\/v2\/types\/page"}],"author":[{"embeddable":true,"href":"https:\/\/www.hiperbaria-wichulec.pl\/index.php\/wp-json\/wp\/v2\/users\/1"}],"replies":[{"embeddable":true,"href":"https:\/\/www.hiperbaria-wichulec.pl\/index.php\/wp-json\/wp\/v2\/comments?post=629"}],"version-history":[{"count":4,"href":"https:\/\/www.hiperbaria-wichulec.pl\/index.php\/wp-json\/wp\/v2\/pages\/629\/revisions"}],"predecessor-version":[{"id":633,"href":"https:\/\/www.hiperbaria-wichulec.pl\/index.php\/wp-json\/wp\/v2\/pages\/629\/revisions\/633"}],"wp:attachment":[{"href":"https:\/\/www.hiperbaria-wichulec.pl\/index.php\/wp-json\/wp\/v2\/media?parent=629"}],"curies":[{"name":"wp","href":"https:\/\/api.w.org\/{rel}","templated":true}]}}