{"id":675,"date":"2024-02-06T16:36:36","date_gmt":"2024-02-06T16:36:36","guid":{"rendered":"https:\/\/www.hiperbaria-wichulec.pl\/?page_id=675"},"modified":"2024-02-06T16:37:32","modified_gmt":"2024-02-06T16:37:32","slug":"depresja","status":"publish","type":"page","link":"https:\/\/www.hiperbaria-wichulec.pl\/index.php\/depresja\/","title":{"rendered":"Depresja"},"content":{"rendered":"\t\t<div data-elementor-type=\"wp-page\" data-elementor-id=\"675\" class=\"elementor elementor-675\">\n\t\t\t\t<div class=\"elementor-element elementor-element-9146493 e-con-full e-flex e-con e-parent\" data-id=\"9146493\" data-element_type=\"container\" data-e-type=\"container\" data-settings=\"{&quot;background_background&quot;:&quot;classic&quot;}\">\n\t\t<div class=\"elementor-element elementor-element-651d061 e-con-full e-flex e-con e-child\" data-id=\"651d061\" data-element_type=\"container\" data-e-type=\"container\">\n\t\t\t\t<div class=\"elementor-element elementor-element-4f7ba97 elementor-widget elementor-widget-heading\" data-id=\"4f7ba97\" data-element_type=\"widget\" data-e-type=\"widget\" data-widget_type=\"heading.default\">\n\t\t\t\t<div class=\"elementor-widget-container\">\n\t\t\t\t\t<h1 class=\"elementor-heading-title elementor-size-default\">Depresja<\/h1>\t\t\t\t<\/div>\n\t\t\t\t<\/div>\n\t\t\t\t<div class=\"elementor-element elementor-element-78d6662 elementor-widget elementor-widget-text-editor\" data-id=\"78d6662\" data-element_type=\"widget\" data-e-type=\"widget\" data-widget_type=\"text-editor.default\">\n\t\t\t\t<div class=\"elementor-widget-container\">\n\t\t\t\t\t\t\t\t\t<p>Zabiegi w komorze hiperbarycznej s\u0105 jedn\u0105 z wielu metod leczenia depresji. Regularne zabiegi poprawiaj\u0105 metabolizm kom\u00f3rek nerwowych oraz wp\u0142ywaj\u0105 na prawid\u0142owe funkcjonowanie ca\u0142ego organizmu. Wyra\u017anie poprawia si\u0119 pami\u0119\u0107, zdolno\u015b\u0107 koncentracji. Odpowiednie dotlenienie tkanek podczas zabieg\u00f3w powoduje zmniejszenie l\u0119ku i popraw\u0119 nastroju. Szczeg\u00f3lnie jednak terapia tlenowa polecana jest przy depresji endogennej i oddechowej, gdzie ma ona dzia\u0142anie przyczynowe i dzia\u0142aj\u0105c na poziomie kom\u00f3rkowym zapewnia tkankom odpowiednie od\u017cywienie, a co za tym idzie funkcjonowanie. Przy depresji oddechowej, bierna tlenoterapia jest zabiegiem ratuj\u0105cym \u017cycie!<\/p>\t\t\t\t\t\t\t\t<\/div>\n\t\t\t\t<\/div>\n\t\t\t\t<\/div>\n\t\t<div class=\"elementor-element elementor-element-0f7ba62 e-con-full e-flex e-con e-child\" data-id=\"0f7ba62\" data-element_type=\"container\" data-e-type=\"container\">\n\t\t\t\t<div class=\"elementor-element elementor-element-c4e5d35 elementor-widget elementor-widget-image\" data-id=\"c4e5d35\" data-element_type=\"widget\" data-e-type=\"widget\" data-widget_type=\"image.default\">\n\t\t\t\t<div class=\"elementor-widget-container\">\n\t\t\t\t\t\t\t\t\t\t\t\t\t\t\t<img fetchpriority=\"high\" decoding=\"async\" width=\"760\" height=\"760\" src=\"https:\/\/www.hiperbaria-wichulec.pl\/wp-content\/uploads\/2024\/02\/20.jpg\" class=\"attachment-large size-large wp-image-71\" alt=\"\" srcset=\"https:\/\/www.hiperbaria-wichulec.pl\/wp-content\/uploads\/2024\/02\/20.jpg 760w, https:\/\/www.hiperbaria-wichulec.pl\/wp-content\/uploads\/2024\/02\/20-300x300.jpg 300w, https:\/\/www.hiperbaria-wichulec.pl\/wp-content\/uploads\/2024\/02\/20-150x150.jpg 150w\" sizes=\"(max-width: 760px) 100vw, 760px\" \/>\t\t\t\t\t\t\t\t\t\t\t\t\t\t\t<\/div>\n\t\t\t\t<\/div>\n\t\t\t\t<\/div>\n\t\t\t\t<\/div>\n\t\t\t\t<\/div>\n\t\t","protected":false},"excerpt":{"rendered":"<p>Depresja Zabiegi w komorze hiperbarycznej s\u0105 jedn\u0105 z wielu metod leczenia depresji. Regularne zabiegi poprawiaj\u0105 metabolizm kom\u00f3rek nerwowych oraz wp\u0142ywaj\u0105 na prawid\u0142owe funkcjonowanie ca\u0142ego organizmu. Wyra\u017anie poprawia si\u0119 pami\u0119\u0107, zdolno\u015b\u0107 koncentracji. Odpowiednie dotlenienie tkanek podczas zabieg\u00f3w powoduje zmniejszenie l\u0119ku i popraw\u0119 nastroju. Szczeg\u00f3lnie jednak terapia tlenowa polecana jest przy depresji endogennej i oddechowej, gdzie ma [&hellip;]<\/p>\n","protected":false},"author":1,"featured_media":0,"parent":0,"menu_order":0,"comment_status":"closed","ping_status":"closed","template":"","meta":{"_vp_format_video_url":"","_vp_image_focal_point":[],"footnotes":""},"class_list":["post-675","page","type-page","status-publish","hentry"],"yoast_head":"<!-- This site is optimized with the Yoast SEO plugin v27.4 - https:\/\/yoast.com\/product\/yoast-seo-wordpress\/ -->\n<title>Depresja - Komora Hiperbaryczna | +48 660 633 404 - Brodnica | Wichulec | Toru\u0144 | Bydgoszcz - | Tlen medyczny<\/title>\n<meta name=\"robots\" content=\"index, follow, max-snippet:-1, max-image-preview:large, max-video-preview:-1\" \/>\n<link rel=\"canonical\" href=\"https:\/\/www.hiperbaria-wichulec.pl\/index.php\/depresja\/\" \/>\n<meta property=\"og:locale\" content=\"pl_PL\" \/>\n<meta property=\"og:type\" content=\"article\" \/>\n<meta property=\"og:title\" content=\"Depresja - Komora Hiperbaryczna | +48 660 633 404 - Brodnica | Wichulec | Toru\u0144 | Bydgoszcz - | Tlen medyczny\" \/>\n<meta property=\"og:description\" content=\"Depresja Zabiegi w komorze hiperbarycznej s\u0105 jedn\u0105 z wielu metod leczenia depresji. Regularne zabiegi poprawiaj\u0105 metabolizm kom\u00f3rek nerwowych oraz wp\u0142ywaj\u0105 na prawid\u0142owe funkcjonowanie ca\u0142ego organizmu. Wyra\u017anie poprawia si\u0119 pami\u0119\u0107, zdolno\u015b\u0107 koncentracji. Odpowiednie dotlenienie tkanek podczas zabieg\u00f3w powoduje zmniejszenie l\u0119ku i popraw\u0119 nastroju. Szczeg\u00f3lnie jednak terapia tlenowa polecana jest przy depresji endogennej i oddechowej, gdzie ma [&hellip;]\" \/>\n<meta property=\"og:url\" content=\"https:\/\/www.hiperbaria-wichulec.pl\/index.php\/depresja\/\" \/>\n<meta property=\"og:site_name\" content=\"Komora Hiperbaryczna | +48 660 633 404 - Brodnica | Wichulec | Toru\u0144 | Bydgoszcz - | Tlen medyczny\" \/>\n<meta property=\"article:modified_time\" content=\"2024-02-06T16:37:32+00:00\" \/>\n<meta property=\"og:image\" content=\"http:\/\/www.hiperbaria-wichulec.pl\/wp-content\/uploads\/2024\/02\/20.jpg\" \/>\n<meta name=\"twitter:card\" content=\"summary_large_image\" \/>\n<meta name=\"twitter:label1\" content=\"Szacowany czas czytania\" \/>\n\t<meta name=\"twitter:data1\" content=\"1 minuta\" \/>\n<script type=\"application\/ld+json\" class=\"yoast-schema-graph\">{\"@context\":\"https:\\\/\\\/schema.org\",\"@graph\":[{\"@type\":\"WebPage\",\"@id\":\"https:\\\/\\\/www.hiperbaria-wichulec.pl\\\/index.php\\\/depresja\\\/\",\"url\":\"https:\\\/\\\/www.hiperbaria-wichulec.pl\\\/index.php\\\/depresja\\\/\",\"name\":\"Depresja - Komora Hiperbaryczna | +48 660 633 404 - Brodnica | Wichulec | Toru\u0144 | Bydgoszcz - | Tlen medyczny\",\"isPartOf\":{\"@id\":\"http:\\\/\\\/www.hiperbaria-wichulec.pl\\\/#website\"},\"primaryImageOfPage\":{\"@id\":\"https:\\\/\\\/www.hiperbaria-wichulec.pl\\\/index.php\\\/depresja\\\/#primaryimage\"},\"image\":{\"@id\":\"https:\\\/\\\/www.hiperbaria-wichulec.pl\\\/index.php\\\/depresja\\\/#primaryimage\"},\"thumbnailUrl\":\"http:\\\/\\\/www.hiperbaria-wichulec.pl\\\/wp-content\\\/uploads\\\/2024\\\/02\\\/20.jpg\",\"datePublished\":\"2024-02-06T16:36:36+00:00\",\"dateModified\":\"2024-02-06T16:37:32+00:00\",\"breadcrumb\":{\"@id\":\"https:\\\/\\\/www.hiperbaria-wichulec.pl\\\/index.php\\\/depresja\\\/#breadcrumb\"},\"inLanguage\":\"pl-PL\",\"potentialAction\":[{\"@type\":\"ReadAction\",\"target\":[\"https:\\\/\\\/www.hiperbaria-wichulec.pl\\\/index.php\\\/depresja\\\/\"]}]},{\"@type\":\"ImageObject\",\"inLanguage\":\"pl-PL\",\"@id\":\"https:\\\/\\\/www.hiperbaria-wichulec.pl\\\/index.php\\\/depresja\\\/#primaryimage\",\"url\":\"https:\\\/\\\/www.hiperbaria-wichulec.pl\\\/wp-content\\\/uploads\\\/2024\\\/02\\\/20.jpg\",\"contentUrl\":\"https:\\\/\\\/www.hiperbaria-wichulec.pl\\\/wp-content\\\/uploads\\\/2024\\\/02\\\/20.jpg\",\"width\":760,\"height\":760},{\"@type\":\"BreadcrumbList\",\"@id\":\"https:\\\/\\\/www.hiperbaria-wichulec.pl\\\/index.php\\\/depresja\\\/#breadcrumb\",\"itemListElement\":[{\"@type\":\"ListItem\",\"position\":1,\"name\":\"Strona g\u0142\u00f3wna\",\"item\":\"https:\\\/\\\/www.hiperbaria-wichulec.pl\\\/\"},{\"@type\":\"ListItem\",\"position\":2,\"name\":\"Depresja\"}]},{\"@type\":\"WebSite\",\"@id\":\"http:\\\/\\\/www.hiperbaria-wichulec.pl\\\/#website\",\"url\":\"http:\\\/\\\/www.hiperbaria-wichulec.pl\\\/\",\"name\":\"Komora Hiperbaryczna | +48 660 633 404 - Brodnica | Wichulec | Toru\u0144 | Bydgoszcz - | Tlen medyczny\",\"description\":\"Komora Hiperbaryczna | +48 660 633 404 - Brodnica | Wichulec | Toru\u0144 | Bydgoszcz - | Tlen medyczny\",\"potentialAction\":[{\"@type\":\"SearchAction\",\"target\":{\"@type\":\"EntryPoint\",\"urlTemplate\":\"http:\\\/\\\/www.hiperbaria-wichulec.pl\\\/?s={search_term_string}\"},\"query-input\":{\"@type\":\"PropertyValueSpecification\",\"valueRequired\":true,\"valueName\":\"search_term_string\"}}],\"inLanguage\":\"pl-PL\"}]}<\/script>\n<!-- \/ Yoast SEO plugin. -->","yoast_head_json":{"title":"Depresja - Komora Hiperbaryczna | +48 660 633 404 - Brodnica | Wichulec | Toru\u0144 | Bydgoszcz - | Tlen medyczny","robots":{"index":"index","follow":"follow","max-snippet":"max-snippet:-1","max-image-preview":"max-image-preview:large","max-video-preview":"max-video-preview:-1"},"canonical":"https:\/\/www.hiperbaria-wichulec.pl\/index.php\/depresja\/","og_locale":"pl_PL","og_type":"article","og_title":"Depresja - Komora Hiperbaryczna | +48 660 633 404 - Brodnica | Wichulec | Toru\u0144 | Bydgoszcz - | Tlen medyczny","og_description":"Depresja Zabiegi w komorze hiperbarycznej s\u0105 jedn\u0105 z wielu metod leczenia depresji. Regularne zabiegi poprawiaj\u0105 metabolizm kom\u00f3rek nerwowych oraz wp\u0142ywaj\u0105 na prawid\u0142owe funkcjonowanie ca\u0142ego organizmu. Wyra\u017anie poprawia si\u0119 pami\u0119\u0107, zdolno\u015b\u0107 koncentracji. Odpowiednie dotlenienie tkanek podczas zabieg\u00f3w powoduje zmniejszenie l\u0119ku i popraw\u0119 nastroju. Szczeg\u00f3lnie jednak terapia tlenowa polecana jest przy depresji endogennej i oddechowej, gdzie ma [&hellip;]","og_url":"https:\/\/www.hiperbaria-wichulec.pl\/index.php\/depresja\/","og_site_name":"Komora Hiperbaryczna | +48 660 633 404 - Brodnica | Wichulec | Toru\u0144 | Bydgoszcz - | Tlen medyczny","article_modified_time":"2024-02-06T16:37:32+00:00","og_image":[{"url":"http:\/\/www.hiperbaria-wichulec.pl\/wp-content\/uploads\/2024\/02\/20.jpg","type":"","width":"","height":""}],"twitter_card":"summary_large_image","twitter_misc":{"Szacowany czas czytania":"1 minuta"},"schema":{"@context":"https:\/\/schema.org","@graph":[{"@type":"WebPage","@id":"https:\/\/www.hiperbaria-wichulec.pl\/index.php\/depresja\/","url":"https:\/\/www.hiperbaria-wichulec.pl\/index.php\/depresja\/","name":"Depresja - Komora Hiperbaryczna | +48 660 633 404 - Brodnica | Wichulec | Toru\u0144 | Bydgoszcz - | Tlen medyczny","isPartOf":{"@id":"http:\/\/www.hiperbaria-wichulec.pl\/#website"},"primaryImageOfPage":{"@id":"https:\/\/www.hiperbaria-wichulec.pl\/index.php\/depresja\/#primaryimage"},"image":{"@id":"https:\/\/www.hiperbaria-wichulec.pl\/index.php\/depresja\/#primaryimage"},"thumbnailUrl":"http:\/\/www.hiperbaria-wichulec.pl\/wp-content\/uploads\/2024\/02\/20.jpg","datePublished":"2024-02-06T16:36:36+00:00","dateModified":"2024-02-06T16:37:32+00:00","breadcrumb":{"@id":"https:\/\/www.hiperbaria-wichulec.pl\/index.php\/depresja\/#breadcrumb"},"inLanguage":"pl-PL","potentialAction":[{"@type":"ReadAction","target":["https:\/\/www.hiperbaria-wichulec.pl\/index.php\/depresja\/"]}]},{"@type":"ImageObject","inLanguage":"pl-PL","@id":"https:\/\/www.hiperbaria-wichulec.pl\/index.php\/depresja\/#primaryimage","url":"https:\/\/www.hiperbaria-wichulec.pl\/wp-content\/uploads\/2024\/02\/20.jpg","contentUrl":"https:\/\/www.hiperbaria-wichulec.pl\/wp-content\/uploads\/2024\/02\/20.jpg","width":760,"height":760},{"@type":"BreadcrumbList","@id":"https:\/\/www.hiperbaria-wichulec.pl\/index.php\/depresja\/#breadcrumb","itemListElement":[{"@type":"ListItem","position":1,"name":"Strona g\u0142\u00f3wna","item":"https:\/\/www.hiperbaria-wichulec.pl\/"},{"@type":"ListItem","position":2,"name":"Depresja"}]},{"@type":"WebSite","@id":"http:\/\/www.hiperbaria-wichulec.pl\/#website","url":"http:\/\/www.hiperbaria-wichulec.pl\/","name":"Komora Hiperbaryczna | +48 660 633 404 - Brodnica | Wichulec | Toru\u0144 | Bydgoszcz - | Tlen medyczny","description":"Komora Hiperbaryczna | +48 660 633 404 - Brodnica | Wichulec | Toru\u0144 | Bydgoszcz - | Tlen medyczny","potentialAction":[{"@type":"SearchAction","target":{"@type":"EntryPoint","urlTemplate":"http:\/\/www.hiperbaria-wichulec.pl\/?s={search_term_string}"},"query-input":{"@type":"PropertyValueSpecification","valueRequired":true,"valueName":"search_term_string"}}],"inLanguage":"pl-PL"}]}},"_links":{"self":[{"href":"https:\/\/www.hiperbaria-wichulec.pl\/index.php\/wp-json\/wp\/v2\/pages\/675","targetHints":{"allow":["GET"]}}],"collection":[{"href":"https:\/\/www.hiperbaria-wichulec.pl\/index.php\/wp-json\/wp\/v2\/pages"}],"about":[{"href":"https:\/\/www.hiperbaria-wichulec.pl\/index.php\/wp-json\/wp\/v2\/types\/page"}],"author":[{"embeddable":true,"href":"https:\/\/www.hiperbaria-wichulec.pl\/index.php\/wp-json\/wp\/v2\/users\/1"}],"replies":[{"embeddable":true,"href":"https:\/\/www.hiperbaria-wichulec.pl\/index.php\/wp-json\/wp\/v2\/comments?post=675"}],"version-history":[{"count":4,"href":"https:\/\/www.hiperbaria-wichulec.pl\/index.php\/wp-json\/wp\/v2\/pages\/675\/revisions"}],"predecessor-version":[{"id":679,"href":"https:\/\/www.hiperbaria-wichulec.pl\/index.php\/wp-json\/wp\/v2\/pages\/675\/revisions\/679"}],"wp:attachment":[{"href":"https:\/\/www.hiperbaria-wichulec.pl\/index.php\/wp-json\/wp\/v2\/media?parent=675"}],"curies":[{"name":"wp","href":"https:\/\/api.w.org\/{rel}","templated":true}]}}