{"id":687,"date":"2024-02-06T16:40:15","date_gmt":"2024-02-06T16:40:15","guid":{"rendered":"https:\/\/www.hiperbaria-wichulec.pl\/?page_id=687"},"modified":"2024-02-06T16:41:26","modified_gmt":"2024-02-06T16:41:26","slug":"autyzm-zespol-aspergera","status":"publish","type":"page","link":"https:\/\/www.hiperbaria-wichulec.pl\/index.php\/autyzm-zespol-aspergera\/","title":{"rendered":"Autyzm \/ Zesp\u00f3\u0142 Aspergera"},"content":{"rendered":"\t\t<div data-elementor-type=\"wp-page\" data-elementor-id=\"687\" class=\"elementor elementor-687\">\n\t\t\t\t<div class=\"elementor-element elementor-element-9146493 e-con-full e-flex e-con e-parent\" data-id=\"9146493\" data-element_type=\"container\" data-e-type=\"container\" data-settings=\"{&quot;background_background&quot;:&quot;classic&quot;}\">\n\t\t<div class=\"elementor-element elementor-element-651d061 e-con-full e-flex e-con e-child\" data-id=\"651d061\" data-element_type=\"container\" data-e-type=\"container\">\n\t\t\t\t<div class=\"elementor-element elementor-element-4f7ba97 elementor-widget elementor-widget-heading\" data-id=\"4f7ba97\" data-element_type=\"widget\" data-e-type=\"widget\" data-widget_type=\"heading.default\">\n\t\t\t\t<div class=\"elementor-widget-container\">\n\t\t\t\t\t<h1 class=\"elementor-heading-title elementor-size-default\">Autyzm \/ Zesp\u00f3\u0142 Aspergera<\/h1>\t\t\t\t<\/div>\n\t\t\t\t<\/div>\n\t\t\t\t<div class=\"elementor-element elementor-element-78d6662 elementor-widget elementor-widget-text-editor\" data-id=\"78d6662\" data-element_type=\"widget\" data-e-type=\"widget\" data-widget_type=\"text-editor.default\">\n\t\t\t\t<div class=\"elementor-widget-container\">\n\t\t\t\t\t\t\t\t\t<p>Autyzm<br \/>Zasad\u0105 dzia\u0142ania zabieg\u00f3w w klinicznej komorze hiperbarycznej w przypadku autyzmu jest regeneracja uk\u0142adu nerwowego, redukcja stan\u00f3w zapalnych oraz mobilizacja produkcji kom\u00f3rek macierzystych. Zastosowanie tlenoterapii w autyzmie poprawia u pacjent\u00f3w kontakt wzrokowy, obni\u017ca poziom stresu, stymuluje rozw\u00f3j mowy, poprawia dop\u0142yw krwi do m\u00f3zgu, redukuje stany zapalne i stres oksydacyjny, zwi\u0119ksza aktywno\u015b\u0107 dziecka i zainteresowanie otoczeniem oraz poprawia jako\u015b\u0107 snu. Zauwa\u017calne r\u00f3wnie\u017c jest polepszenie umiej\u0119tno\u015bci komunikacji z otoczeniem oraz zmniejszenie l\u0119kliwo\u015bci i objaw\u00f3w frustracji.<\/p><p>Zesp\u00f3\u0142 Aspergera<br \/>Zesp\u00f3\u0142 Aspergera to \u0142agodniejsza forma Autyzmu dzieci\u0119cego. Charakteryzuje si\u0119 ona zaburzeniem rozwoju i funkcjonowania o\u015brodkowego uk\u0142adu nerwowego. Zabiegi tlenoterapii u pacjent\u00f3w z zespo\u0142em Aspergera poprawiaj\u0105 ukrwienie m\u00f3zgu oraz jego g\u0142\u0119bokie dotlenienie. Dotlenia si\u0119 r\u00f3wnie\u017c w\u0105troba, trzustka, \u015bledzona oraz nab\u0142onek jelitowy kt\u00f3ry stymuluje procesy metaboliczne w kierunku usuwania z organizmu toksyn, metali ci\u0119\u017ckich oraz z\u0142og\u00f3w, kt\u00f3re obci\u0105\u017caj\u0105c organizm mog\u0105 znacz\u0105co hamowa\u0107 jego prawid\u0142owy rozw\u00f3j i regeneracj\u0119. Tlen podawany pod wy\u017cszym ci\u015bnieniem ni\u017c atmosferyczny powoduje zmniejszenie wyst\u0119puj\u0105cego u dzieci z Zespo\u0142em Aspergera przewlek\u0142ego stanu zapalnego w obr\u0119bie nab\u0142onka. Zabiegi w HBOT doprowadzaj\u0105 do spadku poziomu prozapalnych substancji biochemicznych, przeciwdzia\u0142aj\u0105 niszczeniu kom\u00f3rek cia\u0142a i umo\u017cliwiaj\u0105 zachodzenie intensywnych proces\u00f3w regeneracyjnych.<\/p>\t\t\t\t\t\t\t\t<\/div>\n\t\t\t\t<\/div>\n\t\t\t\t<\/div>\n\t\t<div class=\"elementor-element elementor-element-0f7ba62 e-con-full e-flex e-con e-child\" data-id=\"0f7ba62\" data-element_type=\"container\" data-e-type=\"container\">\n\t\t\t\t<div class=\"elementor-element elementor-element-c4e5d35 elementor-widget elementor-widget-image\" data-id=\"c4e5d35\" data-element_type=\"widget\" data-e-type=\"widget\" data-widget_type=\"image.default\">\n\t\t\t\t<div class=\"elementor-widget-container\">\n\t\t\t\t\t\t\t\t\t\t\t\t\t\t\t<img fetchpriority=\"high\" decoding=\"async\" width=\"800\" height=\"800\" src=\"https:\/\/www.hiperbaria-wichulec.pl\/wp-content\/uploads\/2024\/02\/01.jpg\" class=\"attachment-large size-large wp-image-683\" alt=\"\" srcset=\"https:\/\/www.hiperbaria-wichulec.pl\/wp-content\/uploads\/2024\/02\/01.jpg 1000w, https:\/\/www.hiperbaria-wichulec.pl\/wp-content\/uploads\/2024\/02\/01-300x300.jpg 300w, https:\/\/www.hiperbaria-wichulec.pl\/wp-content\/uploads\/2024\/02\/01-150x150.jpg 150w, https:\/\/www.hiperbaria-wichulec.pl\/wp-content\/uploads\/2024\/02\/01-768x768.jpg 768w, https:\/\/www.hiperbaria-wichulec.pl\/wp-content\/uploads\/2024\/02\/01-500x500.jpg 500w, https:\/\/www.hiperbaria-wichulec.pl\/wp-content\/uploads\/2024\/02\/01-800x800.jpg 800w\" sizes=\"(max-width: 800px) 100vw, 800px\" \/>\t\t\t\t\t\t\t\t\t\t\t\t\t\t\t<\/div>\n\t\t\t\t<\/div>\n\t\t\t\t<\/div>\n\t\t\t\t<\/div>\n\t\t\t\t<\/div>\n\t\t","protected":false},"excerpt":{"rendered":"<p>Autyzm \/ Zesp\u00f3\u0142 Aspergera AutyzmZasad\u0105 dzia\u0142ania zabieg\u00f3w w klinicznej komorze hiperbarycznej w przypadku autyzmu jest regeneracja uk\u0142adu nerwowego, redukcja stan\u00f3w zapalnych oraz mobilizacja produkcji kom\u00f3rek macierzystych. Zastosowanie tlenoterapii w autyzmie poprawia u pacjent\u00f3w kontakt wzrokowy, obni\u017ca poziom stresu, stymuluje rozw\u00f3j mowy, poprawia dop\u0142yw krwi do m\u00f3zgu, redukuje stany zapalne i stres oksydacyjny, zwi\u0119ksza aktywno\u015b\u0107 dziecka [&hellip;]<\/p>\n","protected":false},"author":1,"featured_media":0,"parent":0,"menu_order":0,"comment_status":"closed","ping_status":"closed","template":"","meta":{"_vp_format_video_url":"","_vp_image_focal_point":[],"footnotes":""},"class_list":["post-687","page","type-page","status-publish","hentry"],"yoast_head":"<!-- This site is optimized with the Yoast SEO plugin v27.4 - https:\/\/yoast.com\/product\/yoast-seo-wordpress\/ -->\n<title>Autyzm \/ Zesp\u00f3\u0142 Aspergera - Komora Hiperbaryczna | +48 660 633 404 - Brodnica | Wichulec | Toru\u0144 | Bydgoszcz - | Tlen medyczny<\/title>\n<meta name=\"robots\" content=\"index, follow, max-snippet:-1, max-image-preview:large, max-video-preview:-1\" \/>\n<link rel=\"canonical\" href=\"https:\/\/www.hiperbaria-wichulec.pl\/index.php\/autyzm-zespol-aspergera\/\" \/>\n<meta property=\"og:locale\" content=\"pl_PL\" \/>\n<meta property=\"og:type\" content=\"article\" \/>\n<meta property=\"og:title\" content=\"Autyzm \/ Zesp\u00f3\u0142 Aspergera - Komora Hiperbaryczna | +48 660 633 404 - Brodnica | Wichulec | Toru\u0144 | Bydgoszcz - | Tlen medyczny\" \/>\n<meta property=\"og:description\" content=\"Autyzm \/ Zesp\u00f3\u0142 Aspergera AutyzmZasad\u0105 dzia\u0142ania zabieg\u00f3w w klinicznej komorze hiperbarycznej w przypadku autyzmu jest regeneracja uk\u0142adu nerwowego, redukcja stan\u00f3w zapalnych oraz mobilizacja produkcji kom\u00f3rek macierzystych. Zastosowanie tlenoterapii w autyzmie poprawia u pacjent\u00f3w kontakt wzrokowy, obni\u017ca poziom stresu, stymuluje rozw\u00f3j mowy, poprawia dop\u0142yw krwi do m\u00f3zgu, redukuje stany zapalne i stres oksydacyjny, zwi\u0119ksza aktywno\u015b\u0107 dziecka [&hellip;]\" \/>\n<meta property=\"og:url\" content=\"https:\/\/www.hiperbaria-wichulec.pl\/index.php\/autyzm-zespol-aspergera\/\" \/>\n<meta property=\"og:site_name\" content=\"Komora Hiperbaryczna | +48 660 633 404 - Brodnica | Wichulec | Toru\u0144 | Bydgoszcz - | Tlen medyczny\" \/>\n<meta property=\"article:modified_time\" content=\"2024-02-06T16:41:26+00:00\" \/>\n<meta property=\"og:image\" content=\"http:\/\/www.hiperbaria-wichulec.pl\/wp-content\/uploads\/2024\/02\/01.jpg\" \/>\n<meta name=\"twitter:card\" content=\"summary_large_image\" \/>\n<meta name=\"twitter:label1\" content=\"Szacowany czas czytania\" \/>\n\t<meta name=\"twitter:data1\" content=\"2 minuty\" \/>\n<script type=\"application\/ld+json\" class=\"yoast-schema-graph\">{\"@context\":\"https:\\\/\\\/schema.org\",\"@graph\":[{\"@type\":\"WebPage\",\"@id\":\"https:\\\/\\\/www.hiperbaria-wichulec.pl\\\/index.php\\\/autyzm-zespol-aspergera\\\/\",\"url\":\"https:\\\/\\\/www.hiperbaria-wichulec.pl\\\/index.php\\\/autyzm-zespol-aspergera\\\/\",\"name\":\"Autyzm \\\/ Zesp\u00f3\u0142 Aspergera - Komora Hiperbaryczna | +48 660 633 404 - Brodnica | Wichulec | Toru\u0144 | Bydgoszcz - | Tlen medyczny\",\"isPartOf\":{\"@id\":\"http:\\\/\\\/www.hiperbaria-wichulec.pl\\\/#website\"},\"primaryImageOfPage\":{\"@id\":\"https:\\\/\\\/www.hiperbaria-wichulec.pl\\\/index.php\\\/autyzm-zespol-aspergera\\\/#primaryimage\"},\"image\":{\"@id\":\"https:\\\/\\\/www.hiperbaria-wichulec.pl\\\/index.php\\\/autyzm-zespol-aspergera\\\/#primaryimage\"},\"thumbnailUrl\":\"http:\\\/\\\/www.hiperbaria-wichulec.pl\\\/wp-content\\\/uploads\\\/2024\\\/02\\\/01.jpg\",\"datePublished\":\"2024-02-06T16:40:15+00:00\",\"dateModified\":\"2024-02-06T16:41:26+00:00\",\"breadcrumb\":{\"@id\":\"https:\\\/\\\/www.hiperbaria-wichulec.pl\\\/index.php\\\/autyzm-zespol-aspergera\\\/#breadcrumb\"},\"inLanguage\":\"pl-PL\",\"potentialAction\":[{\"@type\":\"ReadAction\",\"target\":[\"https:\\\/\\\/www.hiperbaria-wichulec.pl\\\/index.php\\\/autyzm-zespol-aspergera\\\/\"]}]},{\"@type\":\"ImageObject\",\"inLanguage\":\"pl-PL\",\"@id\":\"https:\\\/\\\/www.hiperbaria-wichulec.pl\\\/index.php\\\/autyzm-zespol-aspergera\\\/#primaryimage\",\"url\":\"https:\\\/\\\/www.hiperbaria-wichulec.pl\\\/wp-content\\\/uploads\\\/2024\\\/02\\\/01.jpg\",\"contentUrl\":\"https:\\\/\\\/www.hiperbaria-wichulec.pl\\\/wp-content\\\/uploads\\\/2024\\\/02\\\/01.jpg\",\"width\":1000,\"height\":1000},{\"@type\":\"BreadcrumbList\",\"@id\":\"https:\\\/\\\/www.hiperbaria-wichulec.pl\\\/index.php\\\/autyzm-zespol-aspergera\\\/#breadcrumb\",\"itemListElement\":[{\"@type\":\"ListItem\",\"position\":1,\"name\":\"Strona g\u0142\u00f3wna\",\"item\":\"https:\\\/\\\/www.hiperbaria-wichulec.pl\\\/\"},{\"@type\":\"ListItem\",\"position\":2,\"name\":\"Autyzm \\\/ Zesp\u00f3\u0142 Aspergera\"}]},{\"@type\":\"WebSite\",\"@id\":\"http:\\\/\\\/www.hiperbaria-wichulec.pl\\\/#website\",\"url\":\"http:\\\/\\\/www.hiperbaria-wichulec.pl\\\/\",\"name\":\"Komora Hiperbaryczna | +48 660 633 404 - Brodnica | Wichulec | Toru\u0144 | Bydgoszcz - | Tlen medyczny\",\"description\":\"Komora Hiperbaryczna | +48 660 633 404 - Brodnica | Wichulec | Toru\u0144 | Bydgoszcz - | Tlen medyczny\",\"potentialAction\":[{\"@type\":\"SearchAction\",\"target\":{\"@type\":\"EntryPoint\",\"urlTemplate\":\"http:\\\/\\\/www.hiperbaria-wichulec.pl\\\/?s={search_term_string}\"},\"query-input\":{\"@type\":\"PropertyValueSpecification\",\"valueRequired\":true,\"valueName\":\"search_term_string\"}}],\"inLanguage\":\"pl-PL\"}]}<\/script>\n<!-- \/ Yoast SEO plugin. -->","yoast_head_json":{"title":"Autyzm \/ Zesp\u00f3\u0142 Aspergera - Komora Hiperbaryczna | +48 660 633 404 - Brodnica | Wichulec | Toru\u0144 | Bydgoszcz - | Tlen medyczny","robots":{"index":"index","follow":"follow","max-snippet":"max-snippet:-1","max-image-preview":"max-image-preview:large","max-video-preview":"max-video-preview:-1"},"canonical":"https:\/\/www.hiperbaria-wichulec.pl\/index.php\/autyzm-zespol-aspergera\/","og_locale":"pl_PL","og_type":"article","og_title":"Autyzm \/ Zesp\u00f3\u0142 Aspergera - Komora Hiperbaryczna | +48 660 633 404 - Brodnica | Wichulec | Toru\u0144 | Bydgoszcz - | Tlen medyczny","og_description":"Autyzm \/ Zesp\u00f3\u0142 Aspergera AutyzmZasad\u0105 dzia\u0142ania zabieg\u00f3w w klinicznej komorze hiperbarycznej w przypadku autyzmu jest regeneracja uk\u0142adu nerwowego, redukcja stan\u00f3w zapalnych oraz mobilizacja produkcji kom\u00f3rek macierzystych. Zastosowanie tlenoterapii w autyzmie poprawia u pacjent\u00f3w kontakt wzrokowy, obni\u017ca poziom stresu, stymuluje rozw\u00f3j mowy, poprawia dop\u0142yw krwi do m\u00f3zgu, redukuje stany zapalne i stres oksydacyjny, zwi\u0119ksza aktywno\u015b\u0107 dziecka [&hellip;]","og_url":"https:\/\/www.hiperbaria-wichulec.pl\/index.php\/autyzm-zespol-aspergera\/","og_site_name":"Komora Hiperbaryczna | +48 660 633 404 - Brodnica | Wichulec | Toru\u0144 | Bydgoszcz - | Tlen medyczny","article_modified_time":"2024-02-06T16:41:26+00:00","og_image":[{"url":"http:\/\/www.hiperbaria-wichulec.pl\/wp-content\/uploads\/2024\/02\/01.jpg","type":"","width":"","height":""}],"twitter_card":"summary_large_image","twitter_misc":{"Szacowany czas czytania":"2 minuty"},"schema":{"@context":"https:\/\/schema.org","@graph":[{"@type":"WebPage","@id":"https:\/\/www.hiperbaria-wichulec.pl\/index.php\/autyzm-zespol-aspergera\/","url":"https:\/\/www.hiperbaria-wichulec.pl\/index.php\/autyzm-zespol-aspergera\/","name":"Autyzm \/ Zesp\u00f3\u0142 Aspergera - Komora Hiperbaryczna | +48 660 633 404 - Brodnica | Wichulec | Toru\u0144 | Bydgoszcz - | Tlen medyczny","isPartOf":{"@id":"http:\/\/www.hiperbaria-wichulec.pl\/#website"},"primaryImageOfPage":{"@id":"https:\/\/www.hiperbaria-wichulec.pl\/index.php\/autyzm-zespol-aspergera\/#primaryimage"},"image":{"@id":"https:\/\/www.hiperbaria-wichulec.pl\/index.php\/autyzm-zespol-aspergera\/#primaryimage"},"thumbnailUrl":"http:\/\/www.hiperbaria-wichulec.pl\/wp-content\/uploads\/2024\/02\/01.jpg","datePublished":"2024-02-06T16:40:15+00:00","dateModified":"2024-02-06T16:41:26+00:00","breadcrumb":{"@id":"https:\/\/www.hiperbaria-wichulec.pl\/index.php\/autyzm-zespol-aspergera\/#breadcrumb"},"inLanguage":"pl-PL","potentialAction":[{"@type":"ReadAction","target":["https:\/\/www.hiperbaria-wichulec.pl\/index.php\/autyzm-zespol-aspergera\/"]}]},{"@type":"ImageObject","inLanguage":"pl-PL","@id":"https:\/\/www.hiperbaria-wichulec.pl\/index.php\/autyzm-zespol-aspergera\/#primaryimage","url":"https:\/\/www.hiperbaria-wichulec.pl\/wp-content\/uploads\/2024\/02\/01.jpg","contentUrl":"https:\/\/www.hiperbaria-wichulec.pl\/wp-content\/uploads\/2024\/02\/01.jpg","width":1000,"height":1000},{"@type":"BreadcrumbList","@id":"https:\/\/www.hiperbaria-wichulec.pl\/index.php\/autyzm-zespol-aspergera\/#breadcrumb","itemListElement":[{"@type":"ListItem","position":1,"name":"Strona g\u0142\u00f3wna","item":"https:\/\/www.hiperbaria-wichulec.pl\/"},{"@type":"ListItem","position":2,"name":"Autyzm \/ Zesp\u00f3\u0142 Aspergera"}]},{"@type":"WebSite","@id":"http:\/\/www.hiperbaria-wichulec.pl\/#website","url":"http:\/\/www.hiperbaria-wichulec.pl\/","name":"Komora Hiperbaryczna | +48 660 633 404 - Brodnica | Wichulec | Toru\u0144 | Bydgoszcz - | Tlen medyczny","description":"Komora Hiperbaryczna | +48 660 633 404 - Brodnica | Wichulec | Toru\u0144 | Bydgoszcz - | Tlen medyczny","potentialAction":[{"@type":"SearchAction","target":{"@type":"EntryPoint","urlTemplate":"http:\/\/www.hiperbaria-wichulec.pl\/?s={search_term_string}"},"query-input":{"@type":"PropertyValueSpecification","valueRequired":true,"valueName":"search_term_string"}}],"inLanguage":"pl-PL"}]}},"_links":{"self":[{"href":"https:\/\/www.hiperbaria-wichulec.pl\/index.php\/wp-json\/wp\/v2\/pages\/687","targetHints":{"allow":["GET"]}}],"collection":[{"href":"https:\/\/www.hiperbaria-wichulec.pl\/index.php\/wp-json\/wp\/v2\/pages"}],"about":[{"href":"https:\/\/www.hiperbaria-wichulec.pl\/index.php\/wp-json\/wp\/v2\/types\/page"}],"author":[{"embeddable":true,"href":"https:\/\/www.hiperbaria-wichulec.pl\/index.php\/wp-json\/wp\/v2\/users\/1"}],"replies":[{"embeddable":true,"href":"https:\/\/www.hiperbaria-wichulec.pl\/index.php\/wp-json\/wp\/v2\/comments?post=687"}],"version-history":[{"count":7,"href":"https:\/\/www.hiperbaria-wichulec.pl\/index.php\/wp-json\/wp\/v2\/pages\/687\/revisions"}],"predecessor-version":[{"id":694,"href":"https:\/\/www.hiperbaria-wichulec.pl\/index.php\/wp-json\/wp\/v2\/pages\/687\/revisions\/694"}],"wp:attachment":[{"href":"https:\/\/www.hiperbaria-wichulec.pl\/index.php\/wp-json\/wp\/v2\/media?parent=687"}],"curies":[{"name":"wp","href":"https:\/\/api.w.org\/{rel}","templated":true}]}}